{"id":7011,"date":"2024-02-22T09:19:19","date_gmt":"2024-02-22T09:19:19","guid":{"rendered":"https:\/\/sanjuan.globalcruiseports.com\/ferry-services\/"},"modified":"2026-02-27T15:21:52","modified_gmt":"2026-02-27T15:21:52","slug":"ferry","status":"publish","type":"page","link":"https:\/\/sanjuancruiseport.com\/es\/servicios\/ferry\/","title":{"rendered":"Ferry"},"content":{"rendered":"\r\n<style>\r\n\t.page-header-bg {\r\n\t\tbackground-image: url(https:\/\/sanjuancruiseport.com\/wp-content\/uploads\/sites\/40\/2025\/12\/FERRY.jpg);\r\n\t}\r\n<\/style>\r\n\r\n<section class=\"section page page-bg-light \">\r\n\t<div class=\"page-header-bg flex align-i-center justify-c-start\">\r\n\t\t<div class=\"container w100\">\r\n\t\t\t<div class=\"row flex\">\r\n\t\t\t\t<div class=\"cl-12 page-header\">\r\n\t\t\t\t\t<h5 class=\"uppercase\">PUERTO > Ferry<\/h5>\r\n\t\t\t\t\t<h1>Ferry<\/h1>\r\n\t\t\t\t<\/div>\r\n\t\t\t<\/div>\r\n\t\t<\/div>\r\n\t<\/div>\r\n\t<div class=\"page-content-wrapper\">\r\n\t\t<div class=\"container\">\r\n\t\t\t<div class=\"row flex align-i-center justify-c-center\">\r\n\t\t\t\t<div class=\"cl-10\">\r\n\t\t\t\t\t<div class=\"page-bg-white\">\r\n\t\t\t\t\t\t<div class=\"row flex page-sub-menu\">\r\n\t\t\t\t\t\t\t<div class=\"cl-12\">\r\n\t\t\t\t\t\t\t\t<div class=\"ferry-services-content\">\r\n\t\t\t\t\t\t\t\t\tSan Juan Cruise Port conecta a los viajeros con dos convenientes opciones de ferry. Desde el Muelle 2, junto a los Muelles 3 y 4, un ferry de pasajeros cruza la bah\u00eda hacia Cata\u00f1o cada hora. El trayecto de 12 minutos tambi\u00e9n funciona como paseo esc\u00e9nico, con vistas panor\u00e1micas del Viejo San Juan y El Morro.\r\n\r\nPara quienes buscan aventuras m\u00e1s largas, Ferries del Caribe zarpa desde el Muelle Panamericano hacia Santo Domingo, Rep\u00fablica Dominicana, varias veces por semana\u2014una opci\u00f3n frecuente para pasajeros de cruceros que extienden su estad\u00eda o para locales que viajan al extranjero.\t\t\t\t\t\t\t\t<\/div>\r\n\t\t\t\t\t\t\t\t<div class=\"ferry-services-items\">\r\n\t\t\t\t\t\t\t\t\t\t\t\t\t\t\t\t\t\t\t<div class=\"item row flex\">\r\n\t\t\t\t\t\t\t\t\t\t\t<div class=\"cl-5\">\r\n\t\t\t\t\t\t\t\t\t\t\t\t<img decoding=\"async\" src=\"https:\/\/sanjuancruiseport.com\/wp-content\/uploads\/sites\/40\/2025\/12\/shutterstock_2710598241.jpg\" alt=\"\" class=\"w100\" \/>\r\n\t\t\t\t\t\t\t\t\t\t\t<\/div>\r\n\t\t\t\t\t\t\t\t\t\t\t<div class=\"cl-6 offset-1\">\r\n\t\t\t\t\t\t\t\t\t\t\t\t<h4>Puerto Rico Ferry<\/h4>\r\n\t\t\t\t\t\t\t\t\t\t\t\t<p class=\"description\">Visita el sitio web de Puerto Rico Ferries para m\u00e1s informaci\u00f3n y compra de boletos.<\/p>\r\n\t\t\t\t\t\t\t\t\t\t\t\t<div class=\"editor\">\r\n\t\t\t\t\t\t\t\t\t\t\t\t\t<p><strong>SITIO WEB<\/strong><br \/>\n<strong><a class=\"primary-color\" href=\"http:\/\/www.puertoricoferry.com\">puertoricoferry.com<\/a><\/strong><\/p>\n\t\t\t\t\t\t\t\t\t\t\t\t<\/div>\r\n\t\t\t\t\t\t\t\t\t\t\t<\/div>\r\n\t\t\t\t\t\t\t\t\t\t<\/div>\r\n\t\t\t\t\t\t\t\t\t\t\t\t\t\t\t\t\t\t\t<div class=\"item row flex\">\r\n\t\t\t\t\t\t\t\t\t\t\t<div class=\"cl-5\">\r\n\t\t\t\t\t\t\t\t\t\t\t\t<img decoding=\"async\" src=\"https:\/\/sanjuancruiseport.com\/wp-content\/uploads\/sites\/40\/2025\/11\/DSC6200.jpeg\" alt=\"\" class=\"w100\" \/>\r\n\t\t\t\t\t\t\t\t\t\t\t<\/div>\r\n\t\t\t\t\t\t\t\t\t\t\t<div class=\"cl-6 offset-1\">\r\n\t\t\t\t\t\t\t\t\t\t\t\t<h4>Ferries del Caribe<\/h4>\r\n\t\t\t\t\t\t\t\t\t\t\t\t<p class=\"description\">Visita el sitio web de Ferries del Caribe para horarios, paquetes y m\u00e1s.<\/p>\r\n\t\t\t\t\t\t\t\t\t\t\t\t<div class=\"editor\">\r\n\t\t\t\t\t\t\t\t\t\t\t\t\t<p><strong>SITIO WEB<\/strong><br \/>\n<strong><a class=\"primary-color\" href=\"http:\/\/www.ferriesdelcaribe.com\">ferriesdelcaribe.com<\/a><\/strong><\/p>\n\t\t\t\t\t\t\t\t\t\t\t\t<\/div>\r\n\t\t\t\t\t\t\t\t\t\t\t<\/div>\r\n\t\t\t\t\t\t\t\t\t\t<\/div>\r\n\t\t\t\t\t\t\t\t\t\t\t\t\t\t\t\t\t<\/div>\r\n\t\t\t\t\t\t\t<\/div>\r\n\t\t\t\t\t\t<\/div>\r\n\t\t\t\t\t<\/div>\r\n\t\t\t\t<\/div>\r\n\t\t\t<\/div>\r\n\t\t<\/div>\r\n\t<\/div>\r\n<\/section>\n\n\n\n\n\n\n\n\r\n<section class=\"section section-accordion page-bg-light\">\r\n\t<div class=\"container\">\r\n\t\t<div class=\"row flex section-header\">\r\n\t\t\t<div class=\"cl-4\">\r\n\t\t\t\t<h2>\r\n\t\t\t\t\tA Seamless Experience \t\t\t\t\t<br>\r\n\t\t\t\t\t<span class=\"primary-color\">Our Services<\/span>\r\n\t\t\t\t<\/h2>\r\n\t\t\t<\/div>\r\n\t\t\t<div class=\"cl-7 offset-1\">\r\n\t\t\t\t<p class=\"grey-color\">We&#8217;ve compiled everything you need to know in one convenient place. Whether you are a cruise passenger or a business traveler, our aim is to ensure that you have a hassle-free experience while exploring our vibrant destination. Let us guide you through the essential details, allowing you to focus on creating unforgettable memories during your stay at our port.<\/p>\r\n\t\t\t<\/div>\r\n\t\t<\/div>\r\n\t\t<div class=\"row flex accordion-mobile-vertical section-accoridon-content accordion\">\r\n\t\t\t<div class=\"cl-4 accordion-left\">\r\n\t\t\t\t\t\t\t\t\t<div class=\"accordion-header active\">\r\n\t\t\t\t\t\t\t\t\t\t\t\t<img decoding=\"async\" src=\"9437\" alt=\"\" \/>\r\n\r\n\t\t\t\t\t\tServicios para Pasajeros\t\t\t\t\t\t<div class=\"hide-mobile accordion-right\">\r\n\r\n\r\n\t\t\t\t\t\t\t<div class=\"accordion-content mobile-accordion-content active\">\r\n\t\t\t\t\t\t\t\t<div class=\"flex flex-wrap\">\r\n\t\t\t\t\t\t\t\t\t\t\t\t\t\t\t\t\t\t\t\t<div class=\"list-item\">\r\n\t\t\t\t\t\t\t\t\t\t\t\tDEA\t\t\t\t\t\t\t\t\t\t\t<\/div>\r\n\t\t\t\t\t\t\t\t\t\t\t\t\t\t\t\t\t\t\t\t<div class=\"list-item\">\r\n\t\t\t\t\t\t\t\t\t\t\t\tDuty Free\t\t\t\t\t\t\t\t\t\t\t<\/div>\r\n\t\t\t\t\t\t\t\t\t\t\t\t\t\t\t\t\t\t\t\t<div class=\"list-item\">\r\n\t\t\t\t\t\t\t\t\t\t\t\tTiendas\t\t\t\t\t\t\t\t\t\t\t<\/div>\r\n\t\t\t\t\t\t\t\t\t\t\t\t\t\t\t\t\t\t\t\t<div class=\"list-item\">\r\n\t\t\t\t\t\t\t\t\t\t\t\tShuttle\t\t\t\t\t\t\t\t\t\t\t<\/div>\r\n\t\t\t\t\t\t\t\t\t\t\t\t\t\t\t\t\t\t\t\t<div class=\"list-item\">\r\n\t\t\t\t\t\t\t\t\t\t\t\tParada de Taxi\t\t\t\t\t\t\t\t\t\t\t<\/div>\r\n\t\t\t\t\t\t\t\t\t\t\t\t\t\t\t\t\t\t\t\t<div class=\"list-item\">\r\n\t\t\t\t\t\t\t\t\t\t\t\tAsistencia en Silla de Ruedas\t\t\t\t\t\t\t\t\t\t\t<\/div>\r\n\t\t\t\t\t\t\t\t\t\t\t\t\t\t\t\t\t<\/div>\r\n\r\n\r\n\t\t\t\t\t\t\t\t<div class=\"row flex justify-c-end accordion-services-all\">\r\n\t\t\t\t\t\t\t\t\t<a href=\"https:\/\/sanjuancruiseport.com\/es\/\/services-home\/servicios-al-pasajero\" class=\"cta primary-color\">\r\n\t\t\t\t\t\t\t\t\t\tALL Servicios para Pasajeros\r\n\t\t\t\t\t\t\t\t\t\t<svg xmlns=\"http:\/\/www.w3.org\/2000\/svg\" width=\"12.828\" height=\"12.829\" viewBox=\"0 0 12.828 12.829\">\r\n\t\t\t\t\t\t\t\t\t\t\t<g id=\"Icon_feather-arrow-up-right\" data-name=\"Icon feather-arrow-up-right\" transform=\"translate(-9.086 -9.086)\">\r\n\t\t\t\t\t\t\t\t\t\t\t\t<path id=\"Path_3\" data-name=\"Path 3\" d=\"M10.5,20.5l10-10\" fill=\"none\" class=\"primary-stroke\" stroke-linecap=\"round\" stroke-linejoin=\"round\" stroke-width=\"2\"><\/path>\r\n\t\t\t\t\t\t\t\t\t\t\t\t<path id=\"Path_4\" data-name=\"Path 4\" d=\"M10.5,10.5h10v10\" fill=\"none\" class=\"primary-stroke\" stroke-linecap=\"round\" stroke-linejoin=\"round\" stroke-width=\"2\"><\/path>\r\n\t\t\t\t\t\t\t\t\t\t\t<\/g>\r\n\t\t\t\t\t\t\t\t\t\t<\/svg>\r\n\t\t\t\t\t\t\t\t\t<\/a>\r\n\t\t\t\t\t\t\t\t<\/div>\r\n\r\n\t\t\t\t\t\t\t<\/div>\r\n\r\n\r\n\r\n\t\t\t\t\t\t<\/div>\r\n\t\t\t\t\t<\/div>\r\n\t\t\t\t\t\t\t\t\t<div class=\"accordion-header \">\r\n\t\t\t\t\t\t\t\t\t\t\t\t<img decoding=\"async\" src=\"9435\" alt=\"\" \/>\r\n\r\n\t\t\t\t\t\tServicios Portuarios\t\t\t\t\t\t<div class=\"hide-mobile accordion-right\">\r\n\r\n\r\n\t\t\t\t\t\t\t<div class=\"accordion-content mobile-accordion-content \">\r\n\t\t\t\t\t\t\t\t<div class=\"flex flex-wrap\">\r\n\t\t\t\t\t\t\t\t\t\t\t\t\t\t\t\t\t\t\t\t<div class=\"list-item\">\r\n\t\t\t\t\t\t\t\t\t\t\t\tSeguridad Adicional\t\t\t\t\t\t\t\t\t\t\t<\/div>\r\n\t\t\t\t\t\t\t\t\t\t\t\t\t\t\t\t\t\t\t\t<div class=\"list-item\">\r\n\t\t\t\t\t\t\t\t\t\t\t\tServicios de Diesel\t\t\t\t\t\t\t\t\t\t\t<\/div>\r\n\t\t\t\t\t\t\t\t\t\t\t\t\t\t\t\t\t\t\t\t<div class=\"list-item\">\r\n\t\t\t\t\t\t\t\t\t\t\t\tRegistro\t\t\t\t\t\t\t\t\t\t\t<\/div>\r\n\t\t\t\t\t\t\t\t\t\t\t\t\t\t\t\t\t\t\t\t<div class=\"list-item\">\r\n\t\t\t\t\t\t\t\t\t\t\t\tInspecci\u00f3n de Equipaje\t\t\t\t\t\t\t\t\t\t\t<\/div>\r\n\t\t\t\t\t\t\t\t\t\t\t\t\t\t\t\t\t\t\t\t<div class=\"list-item\">\r\n\t\t\t\t\t\t\t\t\t\t\t\tAgua Potable\t\t\t\t\t\t\t\t\t\t\t<\/div>\r\n\t\t\t\t\t\t\t\t\t\t\t\t\t\t\t\t\t\t\t\t<div class=\"list-item\">\r\n\t\t\t\t\t\t\t\t\t\t\t\tMajejo de Cabos\t\t\t\t\t\t\t\t\t\t\t<\/div>\r\n\t\t\t\t\t\t\t\t\t\t\t\t\t\t\t\t\t\t\t\t<div class=\"list-item\">\r\n\t\t\t\t\t\t\t\t\t\t\t\tInspecci\u00f3n de Equipaje\t\t\t\t\t\t\t\t\t\t\t<\/div>\r\n\t\t\t\t\t\t\t\t\t\t\t\t\t\t\t\t\t\t\t\t<div class=\"list-item\">\r\n\t\t\t\t\t\t\t\t\t\t\t\tMARPOL\t\t\t\t\t\t\t\t\t\t\t<\/div>\r\n\t\t\t\t\t\t\t\t\t\t\t\t\t\t\t\t\t\t\t\t<div class=\"list-item\">\r\n\t\t\t\t\t\t\t\t\t\t\t\tDetectores de Metales\t\t\t\t\t\t\t\t\t\t\t<\/div>\r\n\t\t\t\t\t\t\t\t\t\t\t\t\t\t\t\t\t<\/div>\r\n\r\n\r\n\t\t\t\t\t\t\t\t<div class=\"row flex justify-c-end accordion-services-all\">\r\n\t\t\t\t\t\t\t\t\t<a href=\"https:\/\/sanjuancruiseport.com\/es\/\/services-home\/servicios-portuarios\" class=\"cta primary-color\">\r\n\t\t\t\t\t\t\t\t\t\tALL Servicios Portuarios\r\n\t\t\t\t\t\t\t\t\t\t<svg xmlns=\"http:\/\/www.w3.org\/2000\/svg\" width=\"12.828\" height=\"12.829\" viewBox=\"0 0 12.828 12.829\">\r\n\t\t\t\t\t\t\t\t\t\t\t<g id=\"Icon_feather-arrow-up-right\" data-name=\"Icon feather-arrow-up-right\" transform=\"translate(-9.086 -9.086)\">\r\n\t\t\t\t\t\t\t\t\t\t\t\t<path id=\"Path_3\" data-name=\"Path 3\" d=\"M10.5,20.5l10-10\" fill=\"none\" class=\"primary-stroke\" stroke-linecap=\"round\" stroke-linejoin=\"round\" stroke-width=\"2\"><\/path>\r\n\t\t\t\t\t\t\t\t\t\t\t\t<path id=\"Path_4\" data-name=\"Path 4\" d=\"M10.5,10.5h10v10\" fill=\"none\" class=\"primary-stroke\" stroke-linecap=\"round\" stroke-linejoin=\"round\" stroke-width=\"2\"><\/path>\r\n\t\t\t\t\t\t\t\t\t\t\t<\/g>\r\n\t\t\t\t\t\t\t\t\t\t<\/svg>\r\n\t\t\t\t\t\t\t\t\t<\/a>\r\n\t\t\t\t\t\t\t\t<\/div>\r\n\r\n\t\t\t\t\t\t\t<\/div>\r\n\r\n\r\n\r\n\t\t\t\t\t\t<\/div>\r\n\t\t\t\t\t<\/div>\r\n\t\t\t\t\t\t\t\t\t<div class=\"accordion-header \">\r\n\t\t\t\t\t\t\t\t\t\t\t\t<img decoding=\"async\" src=\"9437\" alt=\"\" \/>\r\n\r\n\t\t\t\t\t\tServicios para la tripulaci\u00f3n\t\t\t\t\t\t<div class=\"hide-mobile accordion-right\">\r\n\r\n\r\n\t\t\t\t\t\t\t<div class=\"accordion-content mobile-accordion-content \">\r\n\t\t\t\t\t\t\t\t<div class=\"flex flex-wrap\">\r\n\t\t\t\t\t\t\t\t\t\t\t\t\t\t\t\t\t\t\t\t<div class=\"list-item\">\r\n\t\t\t\t\t\t\t\t\t\t\t\tParada de Taxi\t\t\t\t\t\t\t\t\t\t\t<\/div>\r\n\t\t\t\t\t\t\t\t\t\t\t\t\t\t\t\t\t\t\t\t<div class=\"list-item\">\r\n\t\t\t\t\t\t\t\t\t\t\t\tTiendas\t\t\t\t\t\t\t\t\t\t\t<\/div>\r\n\t\t\t\t\t\t\t\t\t\t\t\t\t\t\t\t\t\t\t\t<div class=\"list-item\">\r\n\t\t\t\t\t\t\t\t\t\t\t\tTransporte\t\t\t\t\t\t\t\t\t\t\t<\/div>\r\n\t\t\t\t\t\t\t\t\t\t\t\t\t\t\t\t\t\t\t\t<div class=\"list-item\">\r\n\t\t\t\t\t\t\t\t\t\t\t\tDuty Free\t\t\t\t\t\t\t\t\t\t\t<\/div>\r\n\t\t\t\t\t\t\t\t\t\t\t\t\t\t\t\t\t\t\t\t<div class=\"list-item\">\r\n\t\t\t\t\t\t\t\t\t\t\t\tDEA\t\t\t\t\t\t\t\t\t\t\t<\/div>\r\n\t\t\t\t\t\t\t\t\t\t\t\t\t\t\t\t\t\t\t\t<div class=\"list-item\">\r\n\t\t\t\t\t\t\t\t\t\t\t\tAsistencia en Silla de Ruedas\t\t\t\t\t\t\t\t\t\t\t<\/div>\r\n\t\t\t\t\t\t\t\t\t\t\t\t\t\t\t\t\t\t\t\t<div class=\"list-item\">\r\n\t\t\t\t\t\t\t\t\t\t\t\tAtenci\u00f3n General\t\t\t\t\t\t\t\t\t\t\t<\/div>\r\n\t\t\t\t\t\t\t\t\t\t\t\t\t\t\t\t\t<\/div>\r\n\r\n\r\n\t\t\t\t\t\t\t\t<div class=\"row flex justify-c-end accordion-services-all\">\r\n\t\t\t\t\t\t\t\t\t<a href=\"https:\/\/sanjuancruiseport.com\/es\/\/services-home\/servicios-para-la-tripulacion\" class=\"cta primary-color\">\r\n\t\t\t\t\t\t\t\t\t\tALL Servicios para la tripulaci\u00f3n\r\n\t\t\t\t\t\t\t\t\t\t<svg xmlns=\"http:\/\/www.w3.org\/2000\/svg\" width=\"12.828\" height=\"12.829\" viewBox=\"0 0 12.828 12.829\">\r\n\t\t\t\t\t\t\t\t\t\t\t<g id=\"Icon_feather-arrow-up-right\" data-name=\"Icon feather-arrow-up-right\" transform=\"translate(-9.086 -9.086)\">\r\n\t\t\t\t\t\t\t\t\t\t\t\t<path id=\"Path_3\" data-name=\"Path 3\" d=\"M10.5,20.5l10-10\" fill=\"none\" class=\"primary-stroke\" stroke-linecap=\"round\" stroke-linejoin=\"round\" stroke-width=\"2\"><\/path>\r\n\t\t\t\t\t\t\t\t\t\t\t\t<path id=\"Path_4\" data-name=\"Path 4\" d=\"M10.5,10.5h10v10\" fill=\"none\" class=\"primary-stroke\" stroke-linecap=\"round\" stroke-linejoin=\"round\" stroke-width=\"2\"><\/path>\r\n\t\t\t\t\t\t\t\t\t\t\t<\/g>\r\n\t\t\t\t\t\t\t\t\t\t<\/svg>\r\n\t\t\t\t\t\t\t\t\t<\/a>\r\n\t\t\t\t\t\t\t\t<\/div>\r\n\r\n\t\t\t\t\t\t\t<\/div>\r\n\r\n\r\n\r\n\t\t\t\t\t\t<\/div>\r\n\t\t\t\t\t<\/div>\r\n\t\t\t\t\t\t\t<\/div>\r\n\t\t\t<div class=\"cl-7 offset-1 accordion-right hide-desktop\">\r\n\t\t\t\t\t\t\t\t\t<div class=\"accordion-content desktop-accordion-content h100 active\">\r\n\r\n\t\t\t\t\t\t<div class=\"h100\">\r\n\t\t\t\t\t\t\t<div class=\"row flex flex-wrap\">\r\n\t\t\t\t\t\t\t\t\t\t\t\t\t\t\t\t\t\t<div class=\"cl-4\">\r\n\t\t\t\t\t\t\t\t\t\t\t<div class=\"list-item\">\r\n\t\t\t\t\t\t\t\t\t\t\t\tAsistencia en Silla de Ruedas\t\t\t\t\t\t\t\t\t\t\t<\/div>\r\n\t\t\t\t\t\t\t\t\t\t<\/div>\r\n\t\t\t\t\t\t\t\t\t\t\t\t\t\t\t\t\t\t<div class=\"cl-4\">\r\n\t\t\t\t\t\t\t\t\t\t\t<div class=\"list-item\">\r\n\t\t\t\t\t\t\t\t\t\t\t\tDEA\t\t\t\t\t\t\t\t\t\t\t<\/div>\r\n\t\t\t\t\t\t\t\t\t\t<\/div>\r\n\t\t\t\t\t\t\t\t\t\t\t\t\t\t\t\t\t\t<div class=\"cl-4\">\r\n\t\t\t\t\t\t\t\t\t\t\t<div class=\"list-item\">\r\n\t\t\t\t\t\t\t\t\t\t\t\tDuty Free\t\t\t\t\t\t\t\t\t\t\t<\/div>\r\n\t\t\t\t\t\t\t\t\t\t<\/div>\r\n\t\t\t\t\t\t\t\t\t\t\t\t\t\t\t\t\t\t<div class=\"cl-4\">\r\n\t\t\t\t\t\t\t\t\t\t\t<div class=\"list-item\">\r\n\t\t\t\t\t\t\t\t\t\t\t\tParada de Taxi\t\t\t\t\t\t\t\t\t\t\t<\/div>\r\n\t\t\t\t\t\t\t\t\t\t<\/div>\r\n\t\t\t\t\t\t\t\t\t\t\t\t\t\t\t\t\t\t<div class=\"cl-4\">\r\n\t\t\t\t\t\t\t\t\t\t\t<div class=\"list-item\">\r\n\t\t\t\t\t\t\t\t\t\t\t\tShuttle\t\t\t\t\t\t\t\t\t\t\t<\/div>\r\n\t\t\t\t\t\t\t\t\t\t<\/div>\r\n\t\t\t\t\t\t\t\t\t\t\t\t\t\t\t\t\t\t<div class=\"cl-4\">\r\n\t\t\t\t\t\t\t\t\t\t\t<div class=\"list-item\">\r\n\t\t\t\t\t\t\t\t\t\t\t\tTiendas\t\t\t\t\t\t\t\t\t\t\t<\/div>\r\n\t\t\t\t\t\t\t\t\t\t<\/div>\r\n\t\t\t\t\t\t\t\t\t\t\t\t\t\t\t<\/div>\r\n\t\t\t\t\t\t<\/div>\r\n\r\n\t\t\t\t\t\t<div class=\"row flex justify-c-end accordion-services-all\">\r\n\t\t\t\t\t\t\t<a href=\"https:\/\/sanjuancruiseport.com\/es\/servicios\/servicios-al-pasajero\" class=\"cta primary-color\">\r\n\t\t\t\t\t\t\t\tTODOS Servicios para Pasajeros\r\n\t\t\t\t\t\t\t\t<svg xmlns=\"http:\/\/www.w3.org\/2000\/svg\" width=\"12.828\" height=\"12.829\" viewBox=\"0 0 12.828 12.829\">\r\n\t\t\t\t\t\t\t\t\t<g id=\"Icon_feather-arrow-up-right\" data-name=\"Icon feather-arrow-up-right\" transform=\"translate(-9.086 -9.086)\">\r\n\t\t\t\t\t\t\t\t\t\t<path id=\"Path_3\" data-name=\"Path 3\" d=\"M10.5,20.5l10-10\" fill=\"none\" class=\"primary-stroke\" stroke-linecap=\"round\" stroke-linejoin=\"round\" stroke-width=\"2\"><\/path>\r\n\t\t\t\t\t\t\t\t\t\t<path id=\"Path_4\" data-name=\"Path 4\" d=\"M10.5,10.5h10v10\" fill=\"none\" class=\"primary-stroke\" stroke-linecap=\"round\" stroke-linejoin=\"round\" stroke-width=\"2\"><\/path>\r\n\t\t\t\t\t\t\t\t\t<\/g>\r\n\t\t\t\t\t\t\t\t<\/svg>\r\n\t\t\t\t\t\t\t<\/a>\r\n\t\t\t\t\t\t<\/div>\r\n\r\n\t\t\t\t\t<\/div>\r\n\t\t\t\t\t\t\t\t\t<div class=\"accordion-content desktop-accordion-content h100 \">\r\n\r\n\t\t\t\t\t\t<div class=\"h100\">\r\n\t\t\t\t\t\t\t<div class=\"row flex flex-wrap\">\r\n\t\t\t\t\t\t\t\t\t\t\t\t\t\t\t\t\t\t<div class=\"cl-4\">\r\n\t\t\t\t\t\t\t\t\t\t\t<div class=\"list-item\">\r\n\t\t\t\t\t\t\t\t\t\t\t\tAgua Potable\t\t\t\t\t\t\t\t\t\t\t<\/div>\r\n\t\t\t\t\t\t\t\t\t\t<\/div>\r\n\t\t\t\t\t\t\t\t\t\t\t\t\t\t\t\t\t\t<div class=\"cl-4\">\r\n\t\t\t\t\t\t\t\t\t\t\t<div class=\"list-item\">\r\n\t\t\t\t\t\t\t\t\t\t\t\tCarpas\t\t\t\t\t\t\t\t\t\t\t<\/div>\r\n\t\t\t\t\t\t\t\t\t\t<\/div>\r\n\t\t\t\t\t\t\t\t\t\t\t\t\t\t\t\t\t\t<div class=\"cl-4\">\r\n\t\t\t\t\t\t\t\t\t\t\t<div class=\"list-item\">\r\n\t\t\t\t\t\t\t\t\t\t\t\tControl de Pasajeros\t\t\t\t\t\t\t\t\t\t\t<\/div>\r\n\t\t\t\t\t\t\t\t\t\t<\/div>\r\n\t\t\t\t\t\t\t\t\t\t\t\t\t\t\t\t\t\t<div class=\"cl-4\">\r\n\t\t\t\t\t\t\t\t\t\t\t<div class=\"list-item\">\r\n\t\t\t\t\t\t\t\t\t\t\t\tDetectores de Metales\t\t\t\t\t\t\t\t\t\t\t<\/div>\r\n\t\t\t\t\t\t\t\t\t\t<\/div>\r\n\t\t\t\t\t\t\t\t\t\t\t\t\t\t\t\t\t\t<div class=\"cl-4\">\r\n\t\t\t\t\t\t\t\t\t\t\t<div class=\"list-item\">\r\n\t\t\t\t\t\t\t\t\t\t\t\tEstiba\t\t\t\t\t\t\t\t\t\t\t<\/div>\r\n\t\t\t\t\t\t\t\t\t\t<\/div>\r\n\t\t\t\t\t\t\t\t\t\t\t\t\t\t\t\t\t\t<div class=\"cl-4\">\r\n\t\t\t\t\t\t\t\t\t\t\t<div class=\"list-item\">\r\n\t\t\t\t\t\t\t\t\t\t\t\tInspecci\u00f3n de Equipaje\t\t\t\t\t\t\t\t\t\t\t<\/div>\r\n\t\t\t\t\t\t\t\t\t\t<\/div>\r\n\t\t\t\t\t\t\t\t\t\t\t\t\t\t\t\t\t\t<div class=\"cl-4\">\r\n\t\t\t\t\t\t\t\t\t\t\t<div class=\"list-item\">\r\n\t\t\t\t\t\t\t\t\t\t\t\tInspecci\u00f3n de Equipaje\t\t\t\t\t\t\t\t\t\t\t<\/div>\r\n\t\t\t\t\t\t\t\t\t\t<\/div>\r\n\t\t\t\t\t\t\t\t\t\t\t\t\t\t\t\t\t\t<div class=\"cl-4\">\r\n\t\t\t\t\t\t\t\t\t\t\t<div class=\"list-item\">\r\n\t\t\t\t\t\t\t\t\t\t\t\tMajejo de Cabos\t\t\t\t\t\t\t\t\t\t\t<\/div>\r\n\t\t\t\t\t\t\t\t\t\t<\/div>\r\n\t\t\t\t\t\t\t\t\t\t\t\t\t\t\t\t\t\t<div class=\"cl-4\">\r\n\t\t\t\t\t\t\t\t\t\t\t<div class=\"list-item\">\r\n\t\t\t\t\t\t\t\t\t\t\t\tManejo de Desperdicios\t\t\t\t\t\t\t\t\t\t\t<\/div>\r\n\t\t\t\t\t\t\t\t\t\t<\/div>\r\n\t\t\t\t\t\t\t\t\t\t\t\t\t\t\t<\/div>\r\n\t\t\t\t\t\t<\/div>\r\n\r\n\t\t\t\t\t\t<div class=\"row flex justify-c-end accordion-services-all\">\r\n\t\t\t\t\t\t\t<a href=\"https:\/\/sanjuancruiseport.com\/es\/servicios\/servicios-portuarios\" class=\"cta primary-color\">\r\n\t\t\t\t\t\t\t\tTODOS Servicios Portuarios\r\n\t\t\t\t\t\t\t\t<svg xmlns=\"http:\/\/www.w3.org\/2000\/svg\" width=\"12.828\" height=\"12.829\" viewBox=\"0 0 12.828 12.829\">\r\n\t\t\t\t\t\t\t\t\t<g id=\"Icon_feather-arrow-up-right\" data-name=\"Icon feather-arrow-up-right\" transform=\"translate(-9.086 -9.086)\">\r\n\t\t\t\t\t\t\t\t\t\t<path id=\"Path_3\" data-name=\"Path 3\" d=\"M10.5,20.5l10-10\" fill=\"none\" class=\"primary-stroke\" stroke-linecap=\"round\" stroke-linejoin=\"round\" stroke-width=\"2\"><\/path>\r\n\t\t\t\t\t\t\t\t\t\t<path id=\"Path_4\" data-name=\"Path 4\" d=\"M10.5,10.5h10v10\" fill=\"none\" class=\"primary-stroke\" stroke-linecap=\"round\" stroke-linejoin=\"round\" stroke-width=\"2\"><\/path>\r\n\t\t\t\t\t\t\t\t\t<\/g>\r\n\t\t\t\t\t\t\t\t<\/svg>\r\n\t\t\t\t\t\t\t<\/a>\r\n\t\t\t\t\t\t<\/div>\r\n\r\n\t\t\t\t\t<\/div>\r\n\t\t\t\t\t\t\t\t\t<div class=\"accordion-content desktop-accordion-content h100 \">\r\n\r\n\t\t\t\t\t\t<div class=\"h100\">\r\n\t\t\t\t\t\t\t<div class=\"row flex flex-wrap\">\r\n\t\t\t\t\t\t\t\t\t\t\t\t\t\t\t\t\t\t<div class=\"cl-4\">\r\n\t\t\t\t\t\t\t\t\t\t\t<div class=\"list-item\">\r\n\t\t\t\t\t\t\t\t\t\t\t\tAsistencia en Silla de Ruedas\t\t\t\t\t\t\t\t\t\t\t<\/div>\r\n\t\t\t\t\t\t\t\t\t\t<\/div>\r\n\t\t\t\t\t\t\t\t\t\t\t\t\t\t\t\t\t\t<div class=\"cl-4\">\r\n\t\t\t\t\t\t\t\t\t\t\t<div class=\"list-item\">\r\n\t\t\t\t\t\t\t\t\t\t\t\tAtenci\u00f3n General\t\t\t\t\t\t\t\t\t\t\t<\/div>\r\n\t\t\t\t\t\t\t\t\t\t<\/div>\r\n\t\t\t\t\t\t\t\t\t\t\t\t\t\t\t\t\t\t<div class=\"cl-4\">\r\n\t\t\t\t\t\t\t\t\t\t\t<div class=\"list-item\">\r\n\t\t\t\t\t\t\t\t\t\t\t\tDEA\t\t\t\t\t\t\t\t\t\t\t<\/div>\r\n\t\t\t\t\t\t\t\t\t\t<\/div>\r\n\t\t\t\t\t\t\t\t\t\t\t\t\t\t\t\t\t\t<div class=\"cl-4\">\r\n\t\t\t\t\t\t\t\t\t\t\t<div class=\"list-item\">\r\n\t\t\t\t\t\t\t\t\t\t\t\tDuty Free\t\t\t\t\t\t\t\t\t\t\t<\/div>\r\n\t\t\t\t\t\t\t\t\t\t<\/div>\r\n\t\t\t\t\t\t\t\t\t\t\t\t\t\t\t\t\t\t<div class=\"cl-4\">\r\n\t\t\t\t\t\t\t\t\t\t\t<div class=\"list-item\">\r\n\t\t\t\t\t\t\t\t\t\t\t\tParada de Taxi\t\t\t\t\t\t\t\t\t\t\t<\/div>\r\n\t\t\t\t\t\t\t\t\t\t<\/div>\r\n\t\t\t\t\t\t\t\t\t\t\t\t\t\t\t\t\t\t<div class=\"cl-4\">\r\n\t\t\t\t\t\t\t\t\t\t\t<div class=\"list-item\">\r\n\t\t\t\t\t\t\t\t\t\t\t\tTiendas\t\t\t\t\t\t\t\t\t\t\t<\/div>\r\n\t\t\t\t\t\t\t\t\t\t<\/div>\r\n\t\t\t\t\t\t\t\t\t\t\t\t\t\t\t\t\t\t<div class=\"cl-4\">\r\n\t\t\t\t\t\t\t\t\t\t\t<div class=\"list-item\">\r\n\t\t\t\t\t\t\t\t\t\t\t\tTransporte\t\t\t\t\t\t\t\t\t\t\t<\/div>\r\n\t\t\t\t\t\t\t\t\t\t<\/div>\r\n\t\t\t\t\t\t\t\t\t\t\t\t\t\t\t<\/div>\r\n\t\t\t\t\t\t<\/div>\r\n\r\n\t\t\t\t\t\t<div class=\"row flex justify-c-end accordion-services-all\">\r\n\t\t\t\t\t\t\t<a href=\"https:\/\/sanjuancruiseport.com\/es\/servicios\/servicios-para-la-tripulacion\" class=\"cta primary-color\">\r\n\t\t\t\t\t\t\t\tTODOS Servicios para la tripulaci\u00f3n\r\n\t\t\t\t\t\t\t\t<svg xmlns=\"http:\/\/www.w3.org\/2000\/svg\" width=\"12.828\" height=\"12.829\" viewBox=\"0 0 12.828 12.829\">\r\n\t\t\t\t\t\t\t\t\t<g id=\"Icon_feather-arrow-up-right\" data-name=\"Icon feather-arrow-up-right\" transform=\"translate(-9.086 -9.086)\">\r\n\t\t\t\t\t\t\t\t\t\t<path id=\"Path_3\" data-name=\"Path 3\" d=\"M10.5,20.5l10-10\" fill=\"none\" class=\"primary-stroke\" stroke-linecap=\"round\" stroke-linejoin=\"round\" stroke-width=\"2\"><\/path>\r\n\t\t\t\t\t\t\t\t\t\t<path id=\"Path_4\" data-name=\"Path 4\" d=\"M10.5,10.5h10v10\" fill=\"none\" class=\"primary-stroke\" stroke-linecap=\"round\" stroke-linejoin=\"round\" stroke-width=\"2\"><\/path>\r\n\t\t\t\t\t\t\t\t\t<\/g>\r\n\t\t\t\t\t\t\t\t<\/svg>\r\n\t\t\t\t\t\t\t<\/a>\r\n\t\t\t\t\t\t<\/div>\r\n\r\n\t\t\t\t\t<\/div>\r\n\t\t\t\t\t\t\t<\/div>\r\n\t\t<\/div>\r\n\t<\/div>\r\n<\/section>","protected":false},"excerpt":{"rendered":"","protected":false},"author":1,"featured_media":0,"parent":7024,"menu_order":65,"comment_status":"closed","ping_status":"closed","template":"","meta":{"_acf_changed":false,"footnotes":""},"class_list":["post-7011","page","type-page","status-publish","hentry"],"acf":[],"_links":{"self":[{"href":"https:\/\/sanjuancruiseport.com\/es\/wp-json\/wp\/v2\/pages\/7011","targetHints":{"allow":["GET"]}}],"collection":[{"href":"https:\/\/sanjuancruiseport.com\/es\/wp-json\/wp\/v2\/pages"}],"about":[{"href":"https:\/\/sanjuancruiseport.com\/es\/wp-json\/wp\/v2\/types\/page"}],"author":[{"embeddable":true,"href":"https:\/\/sanjuancruiseport.com\/es\/wp-json\/wp\/v2\/users\/1"}],"replies":[{"embeddable":true,"href":"https:\/\/sanjuancruiseport.com\/es\/wp-json\/wp\/v2\/comments?post=7011"}],"version-history":[{"count":5,"href":"https:\/\/sanjuancruiseport.com\/es\/wp-json\/wp\/v2\/pages\/7011\/revisions"}],"predecessor-version":[{"id":11847,"href":"https:\/\/sanjuancruiseport.com\/es\/wp-json\/wp\/v2\/pages\/7011\/revisions\/11847"}],"up":[{"embeddable":true,"href":"https:\/\/sanjuancruiseport.com\/es\/wp-json\/wp\/v2\/pages\/7024"}],"wp:attachment":[{"href":"https:\/\/sanjuancruiseport.com\/es\/wp-json\/wp\/v2\/media?parent=7011"}],"curies":[{"name":"wp","href":"https:\/\/api.w.org\/{rel}","templated":true}]}}