{"id":6971,"date":"2024-03-10T15:16:14","date_gmt":"2024-03-10T15:16:14","guid":{"rendered":"https:\/\/sanjuan.globalcruiseports.com\/short-trips\/"},"modified":"2026-02-27T15:14:37","modified_gmt":"2026-02-27T15:14:37","slug":"viajes-cortos","status":"publish","type":"page","link":"https:\/\/sanjuancruiseport.com\/es\/destino\/viajes-cortos\/","title":{"rendered":"Viajes cortos"},"content":{"rendered":"\r\n<section class=\"section page page-bg-light \">\r\n\t<style>\r\n                .page-header-bg {\r\n                    background-image: url(https:\/\/sanjuancruiseport.com\/wp-content\/uploads\/sites\/40\/2025\/03\/short-scaled.jpg);\r\n                    background-size: cover;\r\n                    background-position: center;\r\n                }\r\n\t\t\t\t.hero-content{\r\n\t\t\t\t    top: 50%;\r\n    \t\t\t\tposition: absolute;\r\n    \t\t\t\ttransform: translateY(-50%);\r\n\t\t\t\t}\r\n              <\/style><div class=\"page-header-bg pr\">\t<div class=\"container w100\">\r\n\t\t<div class=\"row flex hero-content\">\r\n\t\t\t<div class=\"cl-12 page-header\">\r\n\t\t\t<h5 class=\"uppercase\">\r\n\tDESTINO >  Viajes cortos<\/h5>\r\n\r\n\t\t\t\t<h1><\/h1>\r\n\t\t\t<\/div>\r\n\t\t<\/div>\r\n\t<\/div>\r\n\t<\/div>\r\n<\/section>\r\n\r\n<div class=\"section-page-top-menu-wrapper\">\r\n\t<nav class=\"menu-class\"><ul id=\"menu-destination-spanish\" class=\"menu flex align-i-center justify-c-center\"><li id=\"menu-item-7070\" class=\"menu-item menu-item-type-post_type menu-item-object-page menu-item-7070\"><a href=\"https:\/\/sanjuancruiseport.com\/es\/destino\/eventos\/\">Eventos<\/a><\/li>\n<li id=\"menu-item-7071\" class=\"menu-item menu-item-type-post_type menu-item-object-page menu-item-7071\"><a href=\"https:\/\/sanjuancruiseport.com\/es\/destino\/principales-atracciones\/\">Atracciones Principales<\/a><\/li>\n<li id=\"menu-item-10370\" class=\"menu-item menu-item-type-post_type menu-item-object-page menu-item-10370\"><a href=\"https:\/\/sanjuancruiseport.com\/es\/destino\/que-comprar\/\">Qu\u00e9 Comprar<\/a><\/li>\n<li id=\"menu-item-7072\" class=\"menu-item menu-item-type-post_type menu-item-object-page menu-item-7072\"><a href=\"https:\/\/sanjuancruiseport.com\/es\/destino\/viajes-cortos\/\">Viajes cortos<\/a><\/li>\n<li id=\"menu-item-7073\" class=\"menu-item menu-item-type-post_type menu-item-object-page menu-item-7073\"><a href=\"https:\/\/sanjuancruiseport.com\/es\/destino\/consejos-especiales\/\">Recomendaciones<\/a><\/li>\n<\/ul><\/nav><\/div>\r\n\r\n<script>\r\n\tdocument.addEventListener(\"DOMContentLoaded\", function () {\r\n    \/\/ Sadece mobilde \u00e7al\u0131\u015ft\u0131r\r\n    if (window.innerWidth <= 768) {\r\n        var currentMenuItem = document.querySelector(\"#menu-destination .current-menu-item\");\r\n        if (currentMenuItem) {\r\n            currentMenuItem.scrollIntoView({\r\n                behavior: \"smooth\",\r\n                block: \"nearest\",\r\n                inline: \"center\"\r\n            });\r\n        }\r\n    }\r\n});\r\n\r\n<\/script>\r\n\r\n<section class=\"section section-content-title \">\r\n\t<div class=\"container\">\r\n\t\t<div class=\"row flex align-i-center\">\r\n\t\t\t<div class=\"cl-5\">\r\n\t\t\t\t<h3><\/h3>\r\n\t\t\t\t<h2>\r\n\t\t\t\t\tTu Gu\u00eda Local \t\t\t\t\t<br>\r\n\t\t\t\t\t<span class=\"primary-color\">Excursiones Cortas<\/span>\r\n\t\t\t\t<\/h2>\r\n\t\t\t<\/div>\r\n\t\t\t<div class=\"cl-7\">\r\n\t\t\t\t<p class=\"grey-color\">Deja que tu gu\u00eda local te lleve a emocionantes excursiones cortas, desde monumentos culturales hasta atracciones \u00fanicas y paisajes impresionantes. Descubre experiencias que se convertir\u00e1n en recuerdos para toda la vida.<\/p>\r\n\t\t\t<\/div>\r\n\t\t<\/div>\r\n\t<\/div>\r\n<\/section>\r\n\r\n<section class=\"destination-posts-wrapper\">\r\n\t<div class=\"container\">\r\n\t\t<div id=\"posts-list-view\">\r\n\t\t\t<div class=\"row flex\">\r\n\t\t\t\t<div class=\"cl-12\">\r\n\t\t\t\t\t\r\n\t\t\t\t\t\t<div id=\"short-trips-container\" class=\"row flex flex-wrap list-posts\">\r\n\t\t\t\t\t\t\t<div class=\"cl-4\" id=\"pID-6802\">\r\n\t<div class=\"item\">\r\n\t\t<div class=\"post-destinations-listing-image\">\r\n\t\t\t<img decoding=\"async\" src=\"https:\/\/sanjuancruiseport.com\/wp-content\/uploads\/sites\/40\/2025\/10\/Placita-de-Santurce.jpg\" alt=\"\" class=\"w100\" \/>\r\n\t\t\t\t\t\t\t<div class=\"post-destinations-badge\">\r\n\t\t\t\t\t\t\t\t\t\t<style>\r\n\t\t\t\t\t\t#badge-span-6802:before {\r\n\t\t\t\t\t\t\tborder-top-color:\r\n\t\t\t\t\t\t\t\t#5b199e\t\t\t\t\t\t}\r\n\t\t\t\t\t<\/style>\r\n\t\t\t\t\t<span id=\"badge-span-6802\"\r\n\t\t\t\t\t\tstyle=\"background-color: #8224e3\">\r\n\t\t\t\t\t\tArte, Cultura, Caminable, Aut\u00e9ntico\t\t\t\t\t<\/span>\r\n\t\t\t\t<\/div>\r\n\t\t\t\t\t<\/div>\r\n\t\t\t\t<div class=\"post-destinations-title\" style=\"align-items: start; gap: 20px; min-height: 4rem;\">\r\n\r\n\r\n\r\n\t\t\t<p style=\"max-width: 70%;\">Arte &#038; Alma de Santurce<\/p>\r\n\t\t<div class=\"date\">\r\n\t\t\t5 Horas\r\n\t\t\t<svg xmlns=\"http:\/\/www.w3.org\/2000\/svg\" width=\"20.471\" height=\"20.471\" viewBox=\"0 0 20.471 20.471\"><path id=\"Icon_awesome-clock\" data-name=\"Icon awesome-clock\" d=\"M10.8.563A10.235,10.235,0,1,0,21.033,10.8,10.234,10.234,0,0,0,10.8.563Zm2.357,14.449-3.64-2.646a.5.5,0,0,1-.2-.4V5.02a.5.5,0,0,1,.5-.5h1.981a.5.5,0,0,1,.5.5V10.7L14.9,12.61a.5.5,0,0,1,.107.693l-1.164,1.6A.5.5,0,0,1,13.154,15.012Z\" transform=\"translate(-0.563 -0.563)\" fill=\"#707070\"\/><\/svg>\r\n\t\t<\/div>\r\n\t\t\t\t<\/div>\r\n\r\n\r\n\t\t<div class=\"post-destinations-summary\">\r\n\t\t\tExplora el alma cultural de San Juan en Santurce\u2014un barrio lleno de murales, museos vibrantes y una de las escenas locales m\u00e1s aut\u00e9nticas de la isla.\t\t<\/div>\r\n\t\t\t\t\t<div class=\"post-destinations-learn-more\">\r\n\t\t\t\t<a href=\"https:\/\/sanjuancruiseport.com\/es\/short-trips\/arte-alma-de-santurce\/\" class=\"cta primary-color\">\r\n\t\t\t\t\tM\u00c1S INFORMACI\u00d3N\r\n\t\t\t\t\t<svg xmlns=\"http:\/\/www.w3.org\/2000\/svg\" width=\"12.828\" height=\"12.829\" viewBox=\"0 0 12.828 12.829\">\r\n\t\t\t\t\t\t<g id=\"Icon_feather-arrow-up-right\" data-name=\"Icon feather-arrow-up-right\"\r\n\t\t\t\t\t\t\ttransform=\"translate(-9.086 -9.086)\">\r\n\t\t\t\t\t\t\t<path id=\"Path_3\" data-name=\"Path 3\" d=\"M10.5,20.5l10-10\" fill=\"none\" class=\"primary-stroke\"\r\n\t\t\t\t\t\t\t\tstroke-linecap=\"round\" stroke-linejoin=\"round\" stroke-width=\"2\"><\/path>\r\n\t\t\t\t\t\t\t<path id=\"Path_4\" data-name=\"Path 4\" d=\"M10.5,10.5h10v10\" fill=\"none\" class=\"primary-stroke\"\r\n\t\t\t\t\t\t\t\tstroke-linecap=\"round\" stroke-linejoin=\"round\" stroke-width=\"2\"><\/path>\r\n\t\t\t\t\t\t<\/g>\r\n\t\t\t\t\t<\/svg>\r\n\t\t\t\t<\/a>\r\n\t\t\t<\/div>\r\n\t\t\r\n\t<\/div>\r\n<\/div><div class=\"cl-4\" id=\"pID-6798\">\r\n\t<div class=\"item\">\r\n\t\t<div class=\"post-destinations-listing-image\">\r\n\t\t\t<img decoding=\"async\" src=\"https:\/\/sanjuancruiseport.com\/wp-content\/uploads\/sites\/40\/2025\/10\/El-Yunque.jpg\" alt=\"\" class=\"w100\" \/>\r\n\t\t\t\t\t\t\t<div class=\"post-destinations-badge\">\r\n\t\t\t\t\t\t\t\t\t\t<style>\r\n\t\t\t\t\t\t#badge-span-6798:before {\r\n\t\t\t\t\t\t\tborder-top-color:\r\n\t\t\t\t\t\t\t\t#5b199e\t\t\t\t\t\t}\r\n\t\t\t\t\t<\/style>\r\n\t\t\t\t\t<span id=\"badge-span-6798\"\r\n\t\t\t\t\t\tstyle=\"background-color: #8224e3\">\r\n\t\t\t\t\t\tNaturaleza, Esc\u00e9nico, Aventura\t\t\t\t\t<\/span>\r\n\t\t\t\t<\/div>\r\n\t\t\t\t\t<\/div>\r\n\t\t\t\t<div class=\"post-destinations-title\" style=\"align-items: start; gap: 20px; min-height: 4rem;\">\r\n\r\n\r\n\r\n\t\t\t<p style=\"max-width: 70%;\">Dulce &#038; Salado<\/p>\r\n\t\t<div class=\"date\">\r\n\t\t\t6 Horas\r\n\t\t\t<svg xmlns=\"http:\/\/www.w3.org\/2000\/svg\" width=\"20.471\" height=\"20.471\" viewBox=\"0 0 20.471 20.471\"><path id=\"Icon_awesome-clock\" data-name=\"Icon awesome-clock\" d=\"M10.8.563A10.235,10.235,0,1,0,21.033,10.8,10.234,10.234,0,0,0,10.8.563Zm2.357,14.449-3.64-2.646a.5.5,0,0,1-.2-.4V5.02a.5.5,0,0,1,.5-.5h1.981a.5.5,0,0,1,.5.5V10.7L14.9,12.61a.5.5,0,0,1,.107.693l-1.164,1.6A.5.5,0,0,1,13.154,15.012Z\" transform=\"translate(-0.563 -0.563)\" fill=\"#707070\"\/><\/svg>\r\n\t\t<\/div>\r\n\t\t\t\t<\/div>\r\n\r\n\r\n\t\t<div class=\"post-destinations-summary\">\r\n\t\t\tDe la neblina del bosque al aire salado del mar, esta ruta natural combina aventura y relajaci\u00f3n\u2014ideal para quienes desean explorar senderos y terminar el d\u00eda en la playa.\t\t<\/div>\r\n\t\t\t\t\t<div class=\"post-destinations-learn-more\">\r\n\t\t\t\t<a href=\"https:\/\/sanjuancruiseport.com\/es\/short-trips\/dulce-salado\/\" class=\"cta primary-color\">\r\n\t\t\t\t\tM\u00c1S INFORMACI\u00d3N\r\n\t\t\t\t\t<svg xmlns=\"http:\/\/www.w3.org\/2000\/svg\" width=\"12.828\" height=\"12.829\" viewBox=\"0 0 12.828 12.829\">\r\n\t\t\t\t\t\t<g id=\"Icon_feather-arrow-up-right\" data-name=\"Icon feather-arrow-up-right\"\r\n\t\t\t\t\t\t\ttransform=\"translate(-9.086 -9.086)\">\r\n\t\t\t\t\t\t\t<path id=\"Path_3\" data-name=\"Path 3\" d=\"M10.5,20.5l10-10\" fill=\"none\" class=\"primary-stroke\"\r\n\t\t\t\t\t\t\t\tstroke-linecap=\"round\" stroke-linejoin=\"round\" stroke-width=\"2\"><\/path>\r\n\t\t\t\t\t\t\t<path id=\"Path_4\" data-name=\"Path 4\" d=\"M10.5,10.5h10v10\" fill=\"none\" class=\"primary-stroke\"\r\n\t\t\t\t\t\t\t\tstroke-linecap=\"round\" stroke-linejoin=\"round\" stroke-width=\"2\"><\/path>\r\n\t\t\t\t\t\t<\/g>\r\n\t\t\t\t\t<\/svg>\r\n\t\t\t\t<\/a>\r\n\t\t\t<\/div>\r\n\t\t\r\n\t<\/div>\r\n<\/div><div class=\"cl-4\" id=\"pID-6783\">\r\n\t<div class=\"item\">\r\n\t\t<div class=\"post-destinations-listing-image\">\r\n\t\t\t<img decoding=\"async\" src=\"https:\/\/sanjuancruiseport.com\/wp-content\/uploads\/sites\/40\/2025\/03\/Casa-Bacardi.jpg\" alt=\"\" class=\"w100\" \/>\r\n\t\t\t\t\t\t\t<div class=\"post-destinations-badge\">\r\n\t\t\t\t\t\t\t\t\t\t<style>\r\n\t\t\t\t\t\t#badge-span-6783:before {\r\n\t\t\t\t\t\t\tborder-top-color:\r\n\t\t\t\t\t\t\t\t#5b199e\t\t\t\t\t\t}\r\n\t\t\t\t\t<\/style>\r\n\t\t\t\t\t<span id=\"badge-span-6783\"\r\n\t\t\t\t\t\tstyle=\"background-color: #8224e3\">\r\n\t\t\t\t\t\tEsc\u00e9nico, Cultural, Culinario\t\t\t\t\t<\/span>\r\n\t\t\t\t<\/div>\r\n\t\t\t\t\t<\/div>\r\n\t\t\t\t<div class=\"post-destinations-title\" style=\"align-items: start; gap: 20px; min-height: 4rem;\">\r\n\r\n\r\n\r\n\t\t\t<p style=\"max-width: 70%;\">Encanto Costero y Sabor a Ron<\/p>\r\n\t\t<div class=\"date\">\r\n\t\t\t4 a 5 Horas\r\n\t\t\t<svg xmlns=\"http:\/\/www.w3.org\/2000\/svg\" width=\"20.471\" height=\"20.471\" viewBox=\"0 0 20.471 20.471\"><path id=\"Icon_awesome-clock\" data-name=\"Icon awesome-clock\" d=\"M10.8.563A10.235,10.235,0,1,0,21.033,10.8,10.234,10.234,0,0,0,10.8.563Zm2.357,14.449-3.64-2.646a.5.5,0,0,1-.2-.4V5.02a.5.5,0,0,1,.5-.5h1.981a.5.5,0,0,1,.5.5V10.7L14.9,12.61a.5.5,0,0,1,.107.693l-1.164,1.6A.5.5,0,0,1,13.154,15.012Z\" transform=\"translate(-0.563 -0.563)\" fill=\"#707070\"\/><\/svg>\r\n\t\t<\/div>\r\n\t\t\t\t<\/div>\r\n\r\n\r\n\t\t<div class=\"post-destinations-summary\">\r\n\t\t\tDesde ron de primera clase hasta vistas de la costa, esta excursi\u00f3n de medio d\u00eda le lleva a trav\u00e9s de la bah\u00eda de San Juan para descubrir los sabores, la cultura y la costa de Cata\u00f1o.\t\t<\/div>\r\n\t\t\t\t\t<div class=\"post-destinations-learn-more\">\r\n\t\t\t\t<a href=\"https:\/\/sanjuancruiseport.com\/es\/short-trips\/encanto-costero-y-sabor-a-ron\/\" class=\"cta primary-color\">\r\n\t\t\t\t\tM\u00c1S INFORMACI\u00d3N\r\n\t\t\t\t\t<svg xmlns=\"http:\/\/www.w3.org\/2000\/svg\" width=\"12.828\" height=\"12.829\" viewBox=\"0 0 12.828 12.829\">\r\n\t\t\t\t\t\t<g id=\"Icon_feather-arrow-up-right\" data-name=\"Icon feather-arrow-up-right\"\r\n\t\t\t\t\t\t\ttransform=\"translate(-9.086 -9.086)\">\r\n\t\t\t\t\t\t\t<path id=\"Path_3\" data-name=\"Path 3\" d=\"M10.5,20.5l10-10\" fill=\"none\" class=\"primary-stroke\"\r\n\t\t\t\t\t\t\t\tstroke-linecap=\"round\" stroke-linejoin=\"round\" stroke-width=\"2\"><\/path>\r\n\t\t\t\t\t\t\t<path id=\"Path_4\" data-name=\"Path 4\" d=\"M10.5,10.5h10v10\" fill=\"none\" class=\"primary-stroke\"\r\n\t\t\t\t\t\t\t\tstroke-linecap=\"round\" stroke-linejoin=\"round\" stroke-width=\"2\"><\/path>\r\n\t\t\t\t\t\t<\/g>\r\n\t\t\t\t\t<\/svg>\r\n\t\t\t\t<\/a>\r\n\t\t\t<\/div>\r\n\t\t\r\n\t<\/div>\r\n<\/div>\t\t\t\t\t\t<\/div>\r\n\t\t\t\t\t\t<!--\r\n\t\t\t\t\t\t<div id=\"load-more-container\">\r\n\t\t\t\t\t\t\t<button id=\"load-more-button\">LOAD MORE<\/button>\r\n\t\t\t\t\t\t<\/div>\r\n\t\t\t\t\t\t-->\r\n\r\n\t\t\t\t\t\t<script>\r\n\t\t\t\t\t\t\tjQuery(function($) {\r\n\t\t\t\t\t\t\t\tvar page = 1;\r\n\t\t\t\t\t\t\t\t$('#load-more-button').on('click', function() {\r\n\t\t\t\t\t\t\t\t\tpage++;\r\n\t\t\t\t\t\t\t\t\tvar data = {\r\n\t\t\t\t\t\t\t\t\t\t'action': 'load_more_shop_dine',\r\n\t\t\t\t\t\t\t\t\t\t'page': page,\r\n\t\t\t\t\t\t\t\t\t};\r\n\t\t\t\t\t\t\t\t\t$.post('https:\/\/sanjuancruiseport.com\/wp-admin\/admin-ajax.php', data, function(response) {\r\n\t\t\t\t\t\t\t\t\t\t$('#top-attractions-container').append(response);\r\n\t\t\t\t\t\t\t\t\t\tif (response == '') {\r\n\t\t\t\t\t\t\t\t\t\t\t$('#load-more-button').hide();\r\n\t\t\t\t\t\t\t\t\t\t}\r\n\t\t\t\t\t\t\t\t\t});\r\n\t\t\t\t\t\t\t\t});\r\n\t\t\t\t\t\t\t});\r\n\t\t\t\t\t\t<\/script>\r\n\r\n\t\t\t\t\t\r\n\t\t\t\t<\/div>\r\n\t\t\t<\/div>\r\n\t\t<\/div>\r\n\t<\/div>\r\n<\/section>\r\n\r\n\n\n\r\n\r\n\t<section class=\"section section-content-title section-destinations-others-slider-row footer-space-mr \">\r\n\t\t<div class=\"container\">\r\n\t\t\t<div class=\"row flex align-i-center\">\r\n\t\t\t\t<div class=\"cl-5\">\r\n\t\t\t\t\t\t\t\t\t\t\t<h3>M\u00c1S POR DESCUBRIR<\/h3>\r\n\t\t\t\t\t\t\t\t\t\t<h2>\r\n\t\t\t\t\t\tGu\u00eda de Expertos\t\t\t\t\t\t<br>\r\n\t\t\t\t\t\t<span class=\"primary-color\">Consejos Especiales<\/span>\r\n\t\t\t\t\t<\/h2>\r\n\t\t\t\t<\/div>\r\n\t\t\t\t<div class=\"cl-7\">\r\n\t\t\t\t\t<p class=\"grey-color\">Descubre los secretos mejor guardados con consejos especiales. Accede a recomendaciones locales para encontrar tesoros ocultos, experiencias \u00fanicas y las mejores formas de aprovechar al m\u00e1ximo tu visita.<\/p>\r\n\t\t\t\t<\/div>\r\n\t\t\t<\/div>\r\n\t\t\t<div class=\"row flex align-i-center destination-other-posts-wrapper\">\r\n\t\t\t\t\r\n\t\t\t\t\t\t\t\t\t\t\t\t<div class=\"cl-4\" id=\"pID-9264\">\r\n\t\t\t\t\t\t\t<div class=\"item\">\r\n\t\t\t\t\t\t\t\t<div class=\"post-destinations-listing-image\">\r\n\t\t\t\t\t\t\t\t\t<img decoding=\"async\" src=\"https:\/\/sanjuancruiseport.com\/wp-content\/uploads\/sites\/40\/2025\/03\/5.jpg\" alt=\"\" class=\"w100\" \/>\r\n\t\t\t\t\t\t\t\t\t\t\t\t\t\t\t\t\t<\/div>\r\n\t\t\t\t\t\t\t\t<div class=\"post-destinations-title\">\r\n\t\t\t\t\t\t\t\t\tApoya lo local\t\t\t\t\t\t\t\t<\/div>\r\n\t\t\t\t\t\t\t\t<div class=\"post-destinations-learn-more\">\r\n\t\t\t\t\t\t\t\t\t<a href=\"https:\/\/sanjuancruiseport.com\/es\/special-tips\/apoya-lo-local\/\" class=\"cta primary-color\">\r\n\t\t\t\t\t\t\t\t\t\tM\u00c1S INFORMACI\u00d3N\t\t\t\t\t\t\t\t\t\t<svg xmlns=\"http:\/\/www.w3.org\/2000\/svg\" width=\"12.828\" height=\"12.829\" viewBox=\"0 0 12.828 12.829\">\r\n\t\t\t\t\t\t\t\t\t\t\t<g id=\"Icon_feather-arrow-up-right\" data-name=\"Icon feather-arrow-up-right\" transform=\"translate(-9.086 -9.086)\">\r\n\t\t\t\t\t\t\t\t\t\t\t\t<path id=\"Path_3\" data-name=\"Path 3\" d=\"M10.5,20.5l10-10\" fill=\"none\" class=\"primary-stroke\" stroke-linecap=\"round\" stroke-linejoin=\"round\" stroke-width=\"2\"><\/path>\r\n\t\t\t\t\t\t\t\t\t\t\t\t<path id=\"Path_4\" data-name=\"Path 4\" d=\"M10.5,10.5h10v10\" fill=\"none\" class=\"primary-stroke\" stroke-linecap=\"round\" stroke-linejoin=\"round\" stroke-width=\"2\"><\/path>\r\n\t\t\t\t\t\t\t\t\t\t\t<\/g>\r\n\t\t\t\t\t\t\t\t\t\t<\/svg>\r\n\t\t\t\t\t\t\t\t\t<\/a>\r\n\t\t\t\t\t\t\t\t<\/div>\r\n\t\t\t\t\t\t\t<\/div>\r\n\t\t\t\t\t\t<\/div>\r\n\r\n\t\t\t\t\r\n\t\t\t\t\t\t\t\t\t\t\t\t<div class=\"cl-4\" id=\"pID-9263\">\r\n\t\t\t\t\t\t\t<div class=\"item\">\r\n\t\t\t\t\t\t\t\t<div class=\"post-destinations-listing-image\">\r\n\t\t\t\t\t\t\t\t\t<img decoding=\"async\" src=\"https:\/\/sanjuancruiseport.com\/wp-content\/uploads\/sites\/40\/2025\/03\/4.jpg\" alt=\"\" class=\"w100\" \/>\r\n\t\t\t\t\t\t\t\t\t\t\t\t\t\t\t\t\t<\/div>\r\n\t\t\t\t\t\t\t\t<div class=\"post-destinations-title\">\r\n\t\t\t\t\t\t\t\t\tHaz un recorrido guiado\t\t\t\t\t\t\t\t<\/div>\r\n\t\t\t\t\t\t\t\t<div class=\"post-destinations-learn-more\">\r\n\t\t\t\t\t\t\t\t\t<a href=\"https:\/\/sanjuancruiseport.com\/es\/special-tips\/haz-un-recorrido-guiado\/\" class=\"cta primary-color\">\r\n\t\t\t\t\t\t\t\t\t\tM\u00c1S INFORMACI\u00d3N\t\t\t\t\t\t\t\t\t\t<svg xmlns=\"http:\/\/www.w3.org\/2000\/svg\" width=\"12.828\" height=\"12.829\" viewBox=\"0 0 12.828 12.829\">\r\n\t\t\t\t\t\t\t\t\t\t\t<g id=\"Icon_feather-arrow-up-right\" data-name=\"Icon feather-arrow-up-right\" transform=\"translate(-9.086 -9.086)\">\r\n\t\t\t\t\t\t\t\t\t\t\t\t<path id=\"Path_3\" data-name=\"Path 3\" d=\"M10.5,20.5l10-10\" fill=\"none\" class=\"primary-stroke\" stroke-linecap=\"round\" stroke-linejoin=\"round\" stroke-width=\"2\"><\/path>\r\n\t\t\t\t\t\t\t\t\t\t\t\t<path id=\"Path_4\" data-name=\"Path 4\" d=\"M10.5,10.5h10v10\" fill=\"none\" class=\"primary-stroke\" stroke-linecap=\"round\" stroke-linejoin=\"round\" stroke-width=\"2\"><\/path>\r\n\t\t\t\t\t\t\t\t\t\t\t<\/g>\r\n\t\t\t\t\t\t\t\t\t\t<\/svg>\r\n\t\t\t\t\t\t\t\t\t<\/a>\r\n\t\t\t\t\t\t\t\t<\/div>\r\n\t\t\t\t\t\t\t<\/div>\r\n\t\t\t\t\t\t<\/div>\r\n\r\n\t\t\t\t\r\n\t\t\t\t\t\t\t\t\t\t\t\t<div class=\"cl-4\" id=\"pID-9257\">\r\n\t\t\t\t\t\t\t<div class=\"item\">\r\n\t\t\t\t\t\t\t\t<div class=\"post-destinations-listing-image\">\r\n\t\t\t\t\t\t\t\t\t<img decoding=\"async\" src=\"https:\/\/sanjuancruiseport.com\/wp-content\/uploads\/sites\/40\/2025\/03\/1.jpg\" alt=\"\" class=\"w100\" \/>\r\n\t\t\t\t\t\t\t\t\t\t\t\t\t\t\t\t\t<\/div>\r\n\t\t\t\t\t\t\t\t<div class=\"post-destinations-title\">\r\n\t\t\t\t\t\t\t\t\tMantente fresco y protegido\t\t\t\t\t\t\t\t<\/div>\r\n\t\t\t\t\t\t\t\t<div class=\"post-destinations-learn-more\">\r\n\t\t\t\t\t\t\t\t\t<a href=\"https:\/\/sanjuancruiseport.com\/es\/special-tips\/mantente-fresco-y-protegido\/\" class=\"cta primary-color\">\r\n\t\t\t\t\t\t\t\t\t\tM\u00c1S INFORMACI\u00d3N\t\t\t\t\t\t\t\t\t\t<svg xmlns=\"http:\/\/www.w3.org\/2000\/svg\" width=\"12.828\" height=\"12.829\" viewBox=\"0 0 12.828 12.829\">\r\n\t\t\t\t\t\t\t\t\t\t\t<g id=\"Icon_feather-arrow-up-right\" data-name=\"Icon feather-arrow-up-right\" transform=\"translate(-9.086 -9.086)\">\r\n\t\t\t\t\t\t\t\t\t\t\t\t<path id=\"Path_3\" data-name=\"Path 3\" d=\"M10.5,20.5l10-10\" fill=\"none\" class=\"primary-stroke\" stroke-linecap=\"round\" stroke-linejoin=\"round\" stroke-width=\"2\"><\/path>\r\n\t\t\t\t\t\t\t\t\t\t\t\t<path id=\"Path_4\" data-name=\"Path 4\" d=\"M10.5,10.5h10v10\" fill=\"none\" class=\"primary-stroke\" stroke-linecap=\"round\" stroke-linejoin=\"round\" stroke-width=\"2\"><\/path>\r\n\t\t\t\t\t\t\t\t\t\t\t<\/g>\r\n\t\t\t\t\t\t\t\t\t\t<\/svg>\r\n\t\t\t\t\t\t\t\t\t<\/a>\r\n\t\t\t\t\t\t\t\t<\/div>\r\n\t\t\t\t\t\t\t<\/div>\r\n\t\t\t\t\t\t<\/div>\r\n\r\n\t\t\t\t\r\n\t\t\t\t\t\t\t\t\t\t\t\t<div class=\"cl-4\" id=\"pID-9259\">\r\n\t\t\t\t\t\t\t<div class=\"item\">\r\n\t\t\t\t\t\t\t\t<div class=\"post-destinations-listing-image\">\r\n\t\t\t\t\t\t\t\t\t<img decoding=\"async\" src=\"https:\/\/sanjuancruiseport.com\/wp-content\/uploads\/sites\/40\/2025\/03\/2.jpg\" alt=\"\" class=\"w100\" \/>\r\n\t\t\t\t\t\t\t\t\t\t\t\t\t\t\t\t\t<\/div>\r\n\t\t\t\t\t\t\t\t<div class=\"post-destinations-title\">\r\n\t\t\t\t\t\t\t\t\tRopa y Zapatos C\u00f3modos\t\t\t\t\t\t\t\t<\/div>\r\n\t\t\t\t\t\t\t\t<div class=\"post-destinations-learn-more\">\r\n\t\t\t\t\t\t\t\t\t<a href=\"https:\/\/sanjuancruiseport.com\/es\/special-tips\/ropa-y-zapatos-comodos\/\" class=\"cta primary-color\">\r\n\t\t\t\t\t\t\t\t\t\tM\u00c1S INFORMACI\u00d3N\t\t\t\t\t\t\t\t\t\t<svg xmlns=\"http:\/\/www.w3.org\/2000\/svg\" width=\"12.828\" height=\"12.829\" viewBox=\"0 0 12.828 12.829\">\r\n\t\t\t\t\t\t\t\t\t\t\t<g id=\"Icon_feather-arrow-up-right\" data-name=\"Icon feather-arrow-up-right\" transform=\"translate(-9.086 -9.086)\">\r\n\t\t\t\t\t\t\t\t\t\t\t\t<path id=\"Path_3\" data-name=\"Path 3\" d=\"M10.5,20.5l10-10\" fill=\"none\" class=\"primary-stroke\" stroke-linecap=\"round\" stroke-linejoin=\"round\" stroke-width=\"2\"><\/path>\r\n\t\t\t\t\t\t\t\t\t\t\t\t<path id=\"Path_4\" data-name=\"Path 4\" d=\"M10.5,10.5h10v10\" fill=\"none\" class=\"primary-stroke\" stroke-linecap=\"round\" stroke-linejoin=\"round\" stroke-width=\"2\"><\/path>\r\n\t\t\t\t\t\t\t\t\t\t\t<\/g>\r\n\t\t\t\t\t\t\t\t\t\t<\/svg>\r\n\t\t\t\t\t\t\t\t\t<\/a>\r\n\t\t\t\t\t\t\t\t<\/div>\r\n\t\t\t\t\t\t\t<\/div>\r\n\t\t\t\t\t\t<\/div>\r\n\r\n\t\t\t\t\r\n\t\t\t<\/div>\r\n\t\t<\/div>\r\n\t<\/section>\r\n","protected":false},"excerpt":{"rendered":"","protected":false},"author":1,"featured_media":0,"parent":6997,"menu_order":24,"comment_status":"closed","ping_status":"closed","template":"","meta":{"_acf_changed":false,"footnotes":""},"class_list":["post-6971","page","type-page","status-publish","hentry"],"acf":[],"_links":{"self":[{"href":"https:\/\/sanjuancruiseport.com\/es\/wp-json\/wp\/v2\/pages\/6971","targetHints":{"allow":["GET"]}}],"collection":[{"href":"https:\/\/sanjuancruiseport.com\/es\/wp-json\/wp\/v2\/pages"}],"about":[{"href":"https:\/\/sanjuancruiseport.com\/es\/wp-json\/wp\/v2\/types\/page"}],"author":[{"embeddable":true,"href":"https:\/\/sanjuancruiseport.com\/es\/wp-json\/wp\/v2\/users\/1"}],"replies":[{"embeddable":true,"href":"https:\/\/sanjuancruiseport.com\/es\/wp-json\/wp\/v2\/comments?post=6971"}],"version-history":[{"count":4,"href":"https:\/\/sanjuancruiseport.com\/es\/wp-json\/wp\/v2\/pages\/6971\/revisions"}],"predecessor-version":[{"id":11837,"href":"https:\/\/sanjuancruiseport.com\/es\/wp-json\/wp\/v2\/pages\/6971\/revisions\/11837"}],"up":[{"embeddable":true,"href":"https:\/\/sanjuancruiseport.com\/es\/wp-json\/wp\/v2\/pages\/6997"}],"wp:attachment":[{"href":"https:\/\/sanjuancruiseport.com\/es\/wp-json\/wp\/v2\/media?parent=6971"}],"curies":[{"name":"wp","href":"https:\/\/api.w.org\/{rel}","templated":true}]}}