{"id":6902,"date":"2025-03-13T12:47:20","date_gmt":"2025-03-13T12:47:20","guid":{"rendered":"https:\/\/sanjuan.globalcruiseports.com\/responsabilidad-social\/"},"modified":"2025-10-20T20:14:15","modified_gmt":"2025-10-20T20:14:15","slug":"responsabilidad-social","status":"publish","type":"page","link":"https:\/\/sanjuancruiseport.com\/es\/responsabilidad-social\/","title":{"rendered":"Responsabilidad social"},"content":{"rendered":"\r\n\r\n<section\r\n    class=\"section page page-sustainability page-bg-light \">\r\n    <style>\r\n                .page-header-bg {\r\n                    background-image: url(https:\/\/sanjuancruiseport.com\/wp-content\/uploads\/sites\/40\/2025\/05\/social-scaled.jpeg);\r\n                    background-size: cover;\r\n                    background-position: center;\r\n                }\r\n\t\t\t\t.hero-content{\r\n\t\t\t\t    top: 50%;\r\n    \t\t\t\tposition: absolute;\r\n    \t\t\t\ttransform: translateY(-50%);\r\n\t\t\t\t}\r\n              <\/style><div class=\"page-header-bg pr\">    <div class=\"container w100\">\r\n        <div class=\"row flex hero-content\">\r\n            <div class=\"cl-12 page-header\">\r\n                <h5>Responsabilidad social<\/h5>\r\n                <h1>Responsabilidad social<\/h1>\r\n                <p>Conoce m\u00e1s sobre c\u00f3mo nuestros esfuerzos de participaci\u00f3n comunitaria impulsan un crecimiento sostenible y generan un impacto duradero.<\/p>\n                \r\n\r\n                <style>\r\n                    a.cta {\r\n                        border-radius: 2rem;\r\n                        display: flex;\r\n                        align-items: center;\r\n                        width: fit-content;\r\n                        padding: 0.8rem 2.8rem 0.96rem 2.8rem;\r\n                        margin-top: 2rem;\r\n                        color: #fff;\r\n                    }\r\n\r\n                    .hero-content .page-header {\r\n                        display: flex;\r\n                        flex-direction: column;\r\n                        row-gap: 12px;\r\n                    }\r\n\r\n                    .page-header h5{\r\n                        margin-bottom: 0;\r\n                    }\r\n\r\n                    h5 {\r\n                        text-transform: uppercase;\r\n                    }\r\n\r\n                    .page-header p {\r\n                        max-width: 500px;\r\n                        color: #fff;\r\n                    }\r\n\r\n                    .cta:hover {\r\n                        padding-right: 2.8rem !important;\r\n                    }\r\n                <\/style>\r\n            <\/div>\r\n        <\/div>\r\n    <\/div>\r\n    <\/div>\r\n<\/section>\n\n<section class=\"section section-content-title \" id=\"\">\r\n\t<div class=\"container\">\r\n\t\t<div class=\"row flex align-i-center\">\r\n\t\t\t<div class=\"cl-5\">\r\n\t\t\t\t\t\t\t\t<h2>\r\n\t\t\t\t\tTurismo de Cruceros \t\t\t\t\t<br>\r\n\t\t\t\t\t<span class=\"primary-color\">para un Mejor Futuro<\/span>\r\n\t\t\t\t<\/h2>\r\n\t\t\t<\/div>\r\n\t\t\t<div class=\"cl-7\">\r\n\t\t\t\t<p class=\"grey-color\"><p>En San Juan, estamos comprometidos con el fortalecimiento de las comunidades, la promoci\u00f3n del turismo sostenible y el fomento de un crecimiento responsable. Nuestro objetivo es crear un destino donde tanto visitantes como residentes prosperen, apoyados por el empoderamiento econ\u00f3mico, iniciativas culturales y la protecci\u00f3n del medioambiente.<\/p>\n<\/p>\r\n\t\t\t<\/div>\r\n\t\t<\/div>\r\n\t<\/div>\r\n<\/section>\r\n\n\n<section class=\"section section-content-image \" id=\"\">\r\n\t<div class=\"container\">\r\n\t\t<div class=\"row flex align-i-center  flex-row-reverse \">\r\n\t\t\t<div class=\"cl-6\">\r\n\t\t\t\t<img decoding=\"async\" src=\"https:\/\/sanjuancruiseport.com\/wp-content\/uploads\/sites\/40\/2025\/04\/shutterstock_2489916669-scaled.jpg\" class=\"w100\" alt=\"\" \/>\r\n\t\t\t<\/div>\r\n\t\t\t<div class=\"cl-1\">\r\n\t\t\t\t\r\n\t\t\t<\/div>\r\n\t\t\t<div class=\"cl-5\">\r\n\t\t\t\t<h3><\/h3>\r\n\t\t\t\t<p>A trav\u00e9s de alianzas con negocios locales, programas educativos y esfuerzos de preservaci\u00f3n del patrimonio, aseguramos que los beneficios del turismo de cruceros trasciendan el presente, dejando un legado positivo para las generaciones futuras.<\/p>\n<p>Creemos en el poder de la colaboraci\u00f3n y en las pr\u00e1cticas empresariales \u00e9ticas para impulsar cambios significativos. Junto a nuestros socios, estamos dando forma a un futuro donde el turismo de cruceros enriquezca vidas, respalde a las comunidades y proteja nuestro entorno.<\/p>\n\t\t\t\t\t\t\t<\/div>\r\n\t\t<\/div>\r\n\t<\/div>\r\n<\/section>\r\n\n\n\r\n<style>\r\n    .section-social-responsibilities .page-header-bg {\r\n        background-image: url(https:\/\/sanjuancruiseport.com\/wp-content\/uploads\/sites\/40\/2024\/03\/social-responsibilities.jpg);\r\n    }\r\n    .section-social-responsibilities-tab-item ul{\r\n        list-style: disc;\r\n    }\r\n\r\n    .section-social-responsibilities-tab-item ul li{\r\n        margin-left: 2rem;\r\n    }\r\n<\/style>\r\n\r\n\r\n<section\r\n    class=\"section section-social-responsibilities page page-bg-light \"\r\n    id=\"section-social-responsibilities\">\r\n    <div class=\"page-header-bg flex align-i-start justify-c-start\">\r\n        <div class=\"container w100\">\r\n            <div class=\"row flex\">\r\n                <div class=\"cl-12 page-header\">\r\n                    <h3>Responsabilidad social<\/h3>\r\n                    <h1>Comprometidos con Nuestra Comunidad<\/h1>\r\n                    <p>Estamos comprometidos con el fortalecimiento de las comunidades, el cumplimiento de pr\u00e1cticas empresariales \u00e9ticas y la creaci\u00f3n de un futuro positivo para todos. A trav\u00e9s de proyectos significativos, colaboramos con pasajeros, socios portuarios y partes interesadas clave para generar un impacto duradero.<\/p>\r\n                <\/div>\r\n            <\/div>\r\n        <\/div>\r\n    <\/div>\r\n    <div class=\"page-content-wrapper\">\r\n        <div class=\"container\">\r\n            <div class=\"row flex align-i-center justify-c-center\">\r\n                <div class=\"cl-10\">\r\n                    <div class=\"page-bg-white\">\r\n                        <div class=\"section-social-responsibilities-items accordion accordion-ii\">\r\n                                                                <div\r\n                                        class=\"accordion-header accordion-header-sm black-arrow active first-item\">\r\n                                        <div class=\"row flex\">\r\n                                            <div class=\"cl-12\">\r\n                                                Una noche de moda y prop\u00f3sito en el Muelle Panamericano                                            <\/div>\r\n                                        <\/div>\r\n                                    <\/div>\r\n                                    <div\r\n                                        class=\"desktop-accordion-content mobile-accordion-content accordion-content active\">\r\n                                        <div class=\"row flex\">\r\n                                            <div class=\"cl-12 accordion-content-light\">\r\n                                                <div class=\"section-social-responsibilities-tab-item\">\r\n                                                    <div class=\"row flex\">\r\n                                                        <div class=\"cl-7\">\r\n                                                            \n<p>El pasado mes de octubre 2024, el Muelle Panamericano se convirti\u00f3 en un majestuoso escenario de moda cuando la dise\u00f1adora Michelle Norein Otero, mejor conocida como Ecl\u00edptica, deslumbr\u00f3 con su nueva colecci\u00f3n de primavera\/verano 2025. La velada destac\u00f3 no solo por su creatividad y elegancia, sino tambi\u00e9n por su noble prop\u00f3sito: apoyar a la Fundaci\u00f3n Ferries del Caribe.<\/p>\n\n\n\n<p>San Juan Cruise Port se enorgullece al haberse unido en esta causa, respaldando tanto al talento local como a la misi\u00f3n de una fundaci\u00f3n comprometida con ayudar a \u201clos m\u00e1s pobres entre los pobres\u201d. Con proyectos que incluyen la construcci\u00f3n de escuelas y cl\u00ednicas, adem\u00e1s de la distribuci\u00f3n de alimentos a comunidades vulnerables en Puerto Rico y la Rep\u00fablica Dominicana, la fundaci\u00f3n sigue dejando una huella donde m\u00e1s se necesita.<\/p>\n\n\n\n<p>Desde San Juan Cruise Port celebramos y apoyamos esta inspiradora fusi\u00f3n de moda y filantrop\u00eda, donde el arte y la solidaridad se unen para transformar vidas.<\/p>\n                                                        <\/div>\r\n                                                        <div class=\"cl-5\">\r\n                                                            <img decoding=\"async\"\r\n                                                                src=\"https:\/\/sanjuancruiseport.com\/wp-content\/uploads\/sites\/40\/2025\/10\/IMG_2158-scaled.jpg\" \/>\r\n                                                        <\/div>\r\n                                                    <\/div>\r\n                                                <\/div>\r\n                                            <\/div>\r\n                                        <\/div>\r\n                                    <\/div>\r\n                                                                        <div\r\n                                        class=\"accordion-header accordion-header-sm black-arrow \">\r\n                                        <div class=\"row flex\">\r\n                                            <div class=\"cl-12\">\r\n                                                Aportaci\u00f3n a la C\u00e1psula del Tiempo para el 75 Aniversario de la PRHTA                                            <\/div>\r\n                                        <\/div>\r\n                                    <\/div>\r\n                                    <div\r\n                                        class=\"desktop-accordion-content mobile-accordion-content accordion-content \">\r\n                                        <div class=\"row flex\">\r\n                                            <div class=\"cl-12 accordion-content-light\">\r\n                                                <div class=\"section-social-responsibilities-tab-item\">\r\n                                                    <div class=\"row flex\">\r\n                                                        <div class=\"cl-7\">\r\n                                                            \n<p><\/p>\n\n\n\n<p>El pasado mes de marzo de 2025, San Juan Cruise Port sell\u00f3 su aportaci\u00f3n a la C\u00e1psula del Tiempo de la Asociaci\u00f3n de Hoteles y Turismo de Puerto Rico, como parte de la celebraci\u00f3n de su 75 aniversario. Entre los muchos art\u00edculos simb\u00f3licos incluidos en la c\u00e1psula, como una etiqueta de equipaje con el logo de SJCP, nuestra contribuci\u00f3n fue \u201cCruising Together Into the Future\u201d, una revista que recoge una mirada al presente de nuestro puerto: su evoluci\u00f3n, sus logros y el equipo que hace posible cada llegada y cada salida en puerto de pasajeros.<\/p>\n\n\n\n<p>\u201cEste proyecto representa nuestra visi\u00f3n, nuestro compromiso y nuestra pasi\u00f3n por una industria que sigue creciendo con fuerza y prop\u00f3sito. Qu\u00e9 honor dejar un legado para quienes nos suceder\u00e1n,\u201d expres\u00f3 Clarivette D\u00edaz, Gerente General de SJCP.<\/p>\n\n\n\n<p>Gracias a la PRHTA y a su presidenta, Clarissa Jim\u00e9nez, por hacernos parte de esta iniciativa hist\u00f3rica. \u00a1Nos emociona pensar en lo que encontraremos cuando abramos esta c\u00e1psula en el 2049!<\/p>\n                                                        <\/div>\r\n                                                        <div class=\"cl-5\">\r\n                                                            <img decoding=\"async\"\r\n                                                                src=\"https:\/\/sanjuancruiseport.com\/wp-content\/uploads\/sites\/40\/2025\/10\/z1-1.jpg\" \/>\r\n                                                        <\/div>\r\n                                                    <\/div>\r\n                                                <\/div>\r\n                                            <\/div>\r\n                                        <\/div>\r\n                                    <\/div>\r\n                                                                        <div\r\n                                        class=\"accordion-header accordion-header-sm black-arrow \">\r\n                                        <div class=\"row flex\">\r\n                                            <div class=\"cl-12\">\r\n                                                San Juan Cruise Port resalta a la pr\u00f3xima generaci\u00f3n de profesionales mar\u00edtimos                                            <\/div>\r\n                                        <\/div>\r\n                                    <\/div>\r\n                                    <div\r\n                                        class=\"desktop-accordion-content mobile-accordion-content accordion-content \">\r\n                                        <div class=\"row flex\">\r\n                                            <div class=\"cl-12 accordion-content-light\">\r\n                                                <div class=\"section-social-responsibilities-tab-item\">\r\n                                                    <div class=\"row flex\">\r\n                                                        <div class=\"cl-7\">\r\n                                                            \n<p>San Juan Cruise Port invit\u00f3 a Lia, estudiante de la Universidad de Puerto Rico en Carolina, a vivir de cerca el trabajo diario en nuestros muelles. Desde aprender sobre operaciones portuarias hasta recibir entrenamiento pr\u00e1ctico, Lia se convirti\u00f3 en nuestra primera interna y en un valioso ejemplo de la pr\u00f3xima generaci\u00f3n de profesionales del sector mar\u00edtimo de Puerto Rico.<\/p>\n\n\n\n<p>Ese d\u00eda nos visit\u00f3 el MSC Seascape, lo que le brind\u00f3 a Lia una experiencia \u00fanica al presenciar de primera mano las operaciones: la preparaci\u00f3n de los muelles, la instalaci\u00f3n de rampas, el trabajo conjunto con el personal de apoyo y hasta conocer la din\u00e1mica a bordo.<\/p>\n\n\n\n<p>La pasi\u00f3n y dedicaci\u00f3n de Lia reflejan el brillante futuro de nuestra industria, mientras los j\u00f3venes l\u00edderes contin\u00faan fortaleciendo el papel de Puerto Rico en la actividad mar\u00edtima global. En San Juan Cruise Port reafirmamos nuestro compromiso de abrir oportunidades para la pr\u00f3xima generaci\u00f3n, fomentando la armon\u00eda entre nuestra industria, nuestra comunidad y nuestro entorno.<\/p>\n                                                        <\/div>\r\n                                                        <div class=\"cl-5\">\r\n                                                            <img decoding=\"async\"\r\n                                                                src=\"https:\/\/sanjuancruiseport.com\/wp-content\/uploads\/sites\/40\/2025\/10\/DSC1647-scaled.jpeg\" \/>\r\n                                                        <\/div>\r\n                                                    <\/div>\r\n                                                <\/div>\r\n                                            <\/div>\r\n                                        <\/div>\r\n                                    <\/div>\r\n                                                                        <div\r\n                                        class=\"accordion-header accordion-header-sm black-arrow \">\r\n                                        <div class=\"row flex\">\r\n                                            <div class=\"cl-12\">\r\n                                                El equpo de SJCP unido enservicio comunitario para comenzar el 2024                                            <\/div>\r\n                                        <\/div>\r\n                                    <\/div>\r\n                                    <div\r\n                                        class=\"desktop-accordion-content mobile-accordion-content accordion-content \">\r\n                                        <div class=\"row flex\">\r\n                                            <div class=\"cl-12 accordion-content-light\">\r\n                                                <div class=\"section-social-responsibilities-tab-item\">\r\n                                                    <div class=\"row flex\">\r\n                                                        <div class=\"cl-7\">\r\n                                                            \n<p>San Juan Cruise Port tuvo el honor de compartir un d\u00eda significativo en Ronald McDonald House Charities, llevando alegr\u00eda navide\u00f1a a familias y apoyando a los incre\u00edbles voluntarios y personal que hacen posible su misi\u00f3n. Nuestro equipo sirvi\u00f3 un almuerzo festivo, entreg\u00f3 juguetes y comparti\u00f3 sonrisas con los ni\u00f1os como parte de nuestro compromiso de retribuir a las comunidades que servimos.<\/p>\n\n\n\n<p>\u201cPara todos en San Juan Cruise Port es un privilegio apoyar a RMHC y a las incontables vidas que impactan con su extraordinario trabajo. Servir un almuerzo navide\u00f1o, llevar juguetes y sonrisas a los m\u00e1s peque\u00f1os y atender sus necesidades refleja nuestros valores y nuestro compromisode marcar la diferencia y dar de regreso a las comunidades que servimos\u201d, expres\u00f3 Clarivette D\u00edaz, Gerente General de SJCP.<\/p>\n\n\n\n<p>Organizaciones como RMHC ofrecen consuelo vital a familias en tiempos dif\u00edciles y fortalecen nuestras comunidades. Nos enorgullece respaldar su misi\u00f3n y seguir construyendo conexiones significativas que reflejen nuestros valores de cuidado, servicio y excelencia.<\/p>\n                                                        <\/div>\r\n                                                        <div class=\"cl-5\">\r\n                                                            <img decoding=\"async\"\r\n                                                                src=\"https:\/\/sanjuancruiseport.com\/wp-content\/uploads\/sites\/40\/2025\/10\/z1-2.jpg\" \/>\r\n                                                        <\/div>\r\n                                                    <\/div>\r\n                                                <\/div>\r\n                                            <\/div>\r\n                                        <\/div>\r\n                                    <\/div>\r\n                                                            <\/div>\r\n                    <\/div>\r\n                <\/div>\r\n            <\/div>\r\n        <\/div>\r\n    <\/div>\r\n<\/section>","protected":false},"excerpt":{"rendered":"","protected":false},"author":2,"featured_media":0,"parent":0,"menu_order":52,"comment_status":"closed","ping_status":"closed","template":"","meta":{"_acf_changed":false,"footnotes":""},"class_list":["post-6902","page","type-page","status-publish","hentry"],"acf":[],"_links":{"self":[{"href":"https:\/\/sanjuancruiseport.com\/es\/wp-json\/wp\/v2\/pages\/6902","targetHints":{"allow":["GET"]}}],"collection":[{"href":"https:\/\/sanjuancruiseport.com\/es\/wp-json\/wp\/v2\/pages"}],"about":[{"href":"https:\/\/sanjuancruiseport.com\/es\/wp-json\/wp\/v2\/types\/page"}],"author":[{"embeddable":true,"href":"https:\/\/sanjuancruiseport.com\/es\/wp-json\/wp\/v2\/users\/2"}],"replies":[{"embeddable":true,"href":"https:\/\/sanjuancruiseport.com\/es\/wp-json\/wp\/v2\/comments?post=6902"}],"version-history":[{"count":1,"href":"https:\/\/sanjuancruiseport.com\/es\/wp-json\/wp\/v2\/pages\/6902\/revisions"}],"predecessor-version":[{"id":6910,"href":"https:\/\/sanjuancruiseport.com\/es\/wp-json\/wp\/v2\/pages\/6902\/revisions\/6910"}],"wp:attachment":[{"href":"https:\/\/sanjuancruiseport.com\/es\/wp-json\/wp\/v2\/media?parent=6902"}],"curies":[{"name":"wp","href":"https:\/\/api.w.org\/{rel}","templated":true}]}}