{"id":6793,"date":"2025-04-15T13:03:21","date_gmt":"2025-04-15T13:03:21","guid":{"rendered":"https:\/\/sanjuan.globalcruiseports.com\/ferry\/"},"modified":"2025-11-07T09:08:36","modified_gmt":"2025-11-07T09:08:36","slug":"ferry22","status":"publish","type":"page","link":"https:\/\/sanjuancruiseport.com\/es\/ferry22\/","title":{"rendered":"Ferry Services"},"content":{"rendered":"\r\n<style>\r\n\t.page-header-bg {\r\n\t\tbackground-image: url();\r\n\t}\r\n<\/style>\r\n\r\n<section class=\"section page page-bg-light \">\r\n\t<div class=\"page-header-bg flex align-i-center justify-c-start\">\r\n\t\t<div class=\"container w100\">\r\n\t\t\t<div class=\"row flex\">\r\n\t\t\t\t<div class=\"cl-12 page-header\">\r\n\t\t\t\t\t<h5 class=\"uppercase\">PUERTO > Ferry Services<\/h5>\r\n\t\t\t\t\t<h1>Servicios de ferry<\/h1>\r\n\t\t\t\t<\/div>\r\n\t\t\t<\/div>\r\n\t\t<\/div>\r\n\t<\/div>\r\n\t<div class=\"page-content-wrapper\">\r\n\t\t<div class=\"container\">\r\n\t\t\t<div class=\"row flex align-i-center justify-c-center\">\r\n\t\t\t\t<div class=\"cl-10\">\r\n\t\t\t\t\t<div class=\"page-bg-white\">\r\n\t\t\t\t\t\t<div class=\"row flex page-sub-menu\">\r\n\t\t\t\t\t\t\t<div class=\"cl-12\">\r\n\t\t\t\t\t\t\t\t<div class=\"ferry-services-content\">\r\n\t\t\t\t\t\t\t\t\tSan Juan Cruise Port conecta a los viajeros con dos convenientes opciones de ferry. Desde el Muelle 2, junto a los Muelles 3 y 4, un ferry de pasajeros cruza la bah\u00eda hacia Cata\u00f1o cada hora. El trayecto de 12 minutos tambi\u00e9n funciona como paseo esc\u00e9nico, con vistas panor\u00e1micas del Viejo San Juan y El Morro.\r\n\r\nPara quienes buscan aventuras m\u00e1s largas, Ferries del Caribe zarpa desde el Muelle Panamericano hacia Santo Domingo, Rep\u00fablica Dominicana, varias veces por semana\u2014una opci\u00f3n frecuente para pasajeros de cruceros que extienden su estad\u00eda o para locales que viajan al extranjero.\r\nFor those embarking on longer adventures, Ferries del Caribe sails from the Pan American Pier to Santo Domingo, Dominican Republic, several times a week\u2014an option often chosen by homeport guests extending their stay or by locals traveling abroad.\t\t\t\t\t\t\t\t<\/div>\r\n\t\t\t\t\t\t\t\t<div class=\"ferry-services-items\">\r\n\t\t\t\t\t\t\t\t\t\t\t\t\t\t\t\t\t<\/div>\r\n\t\t\t\t\t\t\t<\/div>\r\n\t\t\t\t\t\t<\/div>\r\n\t\t\t\t\t<\/div>\r\n\t\t\t\t<\/div>\r\n\t\t\t<\/div>\r\n\t\t<\/div>\r\n\t<\/div>\r\n<\/section>","protected":false},"excerpt":{"rendered":"","protected":false},"author":2,"featured_media":0,"parent":0,"menu_order":29,"comment_status":"closed","ping_status":"closed","template":"","meta":{"_acf_changed":false,"footnotes":""},"class_list":["post-6793","page","type-page","status-publish","hentry"],"acf":[],"_links":{"self":[{"href":"https:\/\/sanjuancruiseport.com\/es\/wp-json\/wp\/v2\/pages\/6793","targetHints":{"allow":["GET"]}}],"collection":[{"href":"https:\/\/sanjuancruiseport.com\/es\/wp-json\/wp\/v2\/pages"}],"about":[{"href":"https:\/\/sanjuancruiseport.com\/es\/wp-json\/wp\/v2\/types\/page"}],"author":[{"embeddable":true,"href":"https:\/\/sanjuancruiseport.com\/es\/wp-json\/wp\/v2\/users\/2"}],"replies":[{"embeddable":true,"href":"https:\/\/sanjuancruiseport.com\/es\/wp-json\/wp\/v2\/comments?post=6793"}],"version-history":[{"count":2,"href":"https:\/\/sanjuancruiseport.com\/es\/wp-json\/wp\/v2\/pages\/6793\/revisions"}],"predecessor-version":[{"id":9446,"href":"https:\/\/sanjuancruiseport.com\/es\/wp-json\/wp\/v2\/pages\/6793\/revisions\/9446"}],"wp:attachment":[{"href":"https:\/\/sanjuancruiseport.com\/es\/wp-json\/wp\/v2\/media?parent=6793"}],"curies":[{"name":"wp","href":"https:\/\/api.w.org\/{rel}","templated":true}]}}