{"id":6788,"date":"2025-04-07T11:54:02","date_gmt":"2025-04-07T11:54:02","guid":{"rendered":"https:\/\/sanjuan.globalcruiseports.com\/hse\/"},"modified":"2026-02-27T15:22:12","modified_gmt":"2026-02-27T15:22:12","slug":"ssma","status":"publish","type":"page","link":"https:\/\/sanjuancruiseport.com\/es\/ssma\/","title":{"rendered":"SSMA"},"content":{"rendered":"\r\n<style>\r\n.page-content-wrapper{\r\n\t\tz-index: 2;\t\r\n\t}\r\n<\/style>\r\n\r\n<section class=\"section page page-sustainability footer-space-pd page-bg-light  desktop-footer-space-pd hse-menu\">\r\n\t<style>\r\n                .page-header-bg {\r\n                    background-image: url(https:\/\/sanjuancruiseport.com\/wp-content\/uploads\/sites\/40\/2025\/04\/HSE.png);\r\n                    background-size: cover;\r\n                    background-position: center;\r\n                }\r\n\t\t\t\t.hero-content{\r\n\t\t\t\t    top: 50%;\r\n    \t\t\t\tposition: absolute;\r\n    \t\t\t\ttransform: translateY(-50%);\r\n\t\t\t\t}\r\n              <\/style><div class=\"page-header-bg pr\">\t<div class=\"container w100\">\r\n\t\t<div class=\"row flex hero-content\">\r\n\t\t\t<div class=\"cl-12 page-header\">\r\n\t\t\t\t<h5 style=\"text-transform:uppercase;\">SSMA<\/h5>\r\n\t\t\t\t<h1>SSMA<\/h1>\r\n\t\t\t<\/div>\r\n\t\t<\/div>\r\n\t<\/div>\r\n\t<\/div>\r\n\t<div class=\"page-content-wrapper pr\">\r\n\t\t<div class=\"container\">\r\n\t\t\t<div class=\"row flex align-i-center justify-c-center\">\r\n\t\t\t\t<div class=\"cl-10\">\r\n\t\t\t\t\t<div class=\"page-bg-white\">\r\n\t\t\t\t\t\t<div class=\"row flex page-sub-menu\">\r\n\t\t\t\t\t\t\t<div class=\"cl-12\">\r\n\t\t\t\t\t\t\t\t<ul class=\"flex align-i-center justify-c-center\">\r\n\t\t\t\t\t\t\t\t\t\t\t\t\t\t\t\t\t\t\t<li id=\"tabButton1\"\r\n\t\t\t\t\t\t\t\t\t\t\tclass=\"tab-button current-menu-item\">\r\n\t\t\t\t\t\t\t\t\t\t\t<span\r\n\t\t\t\t\t\t\t\t\t\t\t\tonclick=\"showTab('tab1', 'tabButton1')\">Salud &#038; Seguridad<\/span>\r\n\t\t\t\t\t\t\t\t\t\t<\/li>\r\n\t\t\t\t\t\t\t\t\t\t\t\t\t\t\t\t\t<\/ul>\r\n\t\t\t\t\t\t\t<\/div>\r\n\t\t\t\t\t\t<\/div>\r\n\t\t\t\t\t\t<div class=\"row flex\">\r\n\t\t\t\t\t\t\t<div class=\"cl-12\">\r\n\t\t\t\t\t\t\t\t\t\t\t\t\t\t\t\t\t<div id=\"tab1\"\r\n\t\t\t\t\t\t\t\t\t\tclass=\"tab-2-content active-tab\">\r\n\t\t\t\t\t\t\t\t\t\t<h3>Las Personas Primero<\/h3>\n<p>La salud y seguridad de las personas a quienes servimos\u2014nuestros empleados, socios portuarios y comunidad\u2014son siempre nuestra principal prioridad.<\/p>\n<p>A trav\u00e9s de nuestro Programa de Manejo de Salud y Seguridad \"Las Personas Primero\", gestionamos y ampliamos nuestros esfuerzos para asegurar que mantengamos los m\u00e1s altos est\u00e1ndares de seguridad en todo momento.<\/p>\n<p>Nuestras \u00e1reas de enfoque incluyen:<\/p>\n<ul>\n<li><strong>An\u00e1lisis del Lugar de Trabajo \u2013<\/strong> Realizamos evaluaciones iniciales de seguridad y salud para identificar riesgos existentes o potenciales.<\/li>\n<li><strong>Prevenci\u00f3n y Control de Riesgos \u2013<\/strong> Corregimos de manera oportuna todos los riesgos actuales y potenciales mediante t\u00e9cnicas de ingenier\u00eda y controles administrativos cuidadosamente dise\u00f1ados.<\/li>\n<li><strong>Capacitaci\u00f3n y Participaci\u00f3n de Empleados \u2013<\/strong> Llevamos a cabo entrenamientos regulares y fomentamos la participaci\u00f3n de los empleados en el dise\u00f1o y ejecuci\u00f3n de los protocolos de seguridad.<\/li>\n<li><strong>Compromiso Gerencial \u2013<\/strong> Garantizamos la participaci\u00f3n activa de la alta gerencia en la implementaci\u00f3n, comunicaci\u00f3n y revisi\u00f3n de los programas de seguridad.<\/li>\n<li><strong>Comunicaci\u00f3n con los Grupos de Inter\u00e9s \u2013<\/strong> Reforzamos la efectividad de las medidas de seguridad y protecci\u00f3n laboral mediante la comunicaci\u00f3n estrat\u00e9gica y constante de nuestras metas y objetivos.<\/li>\n<\/ul>\n<p>&nbsp;<\/p>\n<p>Para m\u00e1s informaci\u00f3n, cont\u00e1ctenos a <strong><a class=\"primary-color\" href=\"mailto:info@sanjuancruiseport.com\">info@sanjuancruiseport.com<\/a><\/strong><\/p>\n\t\t\t\t\t\t\t\t\t\t\t\t\t\t\t\t\t\t\t\t\t<div class=\"tab-documents\">\r\n\t\t\t\t\t\t\t\t\t\t\t\t\t\t\t\t\t\t\t\t\t\t\t\t\t\t\t\t\t\t\t\t\t\t\t\t\t\t\t\t\t\t\t\t\t\t\t\t\t\t\t\t\t\t\t\t\t\t\t\t\t\t\t\t\t\t\t\t\t\t\t\t\t\t\t\t\t\t\t\t\t\t\t\t\t\t\t\t\t\t\t\t\t\t\t\t\t\t\t\t\t\t\t\t\t\t\t\t\t\t\t\t\t\t\t\t\t\t\t\t\t\t\t\t\t\t\t\t\t\t\t\t\t\t\t\t\t\t\t\t\t\t\t\t\t\t\t\t<\/div>\r\n\t\t\t\t\t\t\t\t\t\t\r\n\t\t\t\t\t\t\t\t\t<\/div>\r\n\t\t\t\t\t\t\t\t\t\t\t\t\t\t\t<\/div>\r\n\t\t\t\t\t\t<\/div>\r\n\t\t\t\t\t<\/div>\r\n\t\t\t\t<\/div>\r\n\t\t\t<\/div>\r\n\t\t<\/div>\r\n\t<\/div>\r\n<\/section>","protected":false},"excerpt":{"rendered":"","protected":false},"author":6,"featured_media":0,"parent":0,"menu_order":39,"comment_status":"closed","ping_status":"closed","template":"","meta":{"_acf_changed":false,"footnotes":""},"class_list":["post-6788","page","type-page","status-publish","hentry"],"acf":[],"_links":{"self":[{"href":"https:\/\/sanjuancruiseport.com\/es\/wp-json\/wp\/v2\/pages\/6788","targetHints":{"allow":["GET"]}}],"collection":[{"href":"https:\/\/sanjuancruiseport.com\/es\/wp-json\/wp\/v2\/pages"}],"about":[{"href":"https:\/\/sanjuancruiseport.com\/es\/wp-json\/wp\/v2\/types\/page"}],"author":[{"embeddable":true,"href":"https:\/\/sanjuancruiseport.com\/es\/wp-json\/wp\/v2\/users\/6"}],"replies":[{"embeddable":true,"href":"https:\/\/sanjuancruiseport.com\/es\/wp-json\/wp\/v2\/comments?post=6788"}],"version-history":[{"count":7,"href":"https:\/\/sanjuancruiseport.com\/es\/wp-json\/wp\/v2\/pages\/6788\/revisions"}],"predecessor-version":[{"id":11848,"href":"https:\/\/sanjuancruiseport.com\/es\/wp-json\/wp\/v2\/pages\/6788\/revisions\/11848"}],"wp:attachment":[{"href":"https:\/\/sanjuancruiseport.com\/es\/wp-json\/wp\/v2\/media?parent=6788"}],"curies":[{"name":"wp","href":"https:\/\/api.w.org\/{rel}","templated":true}]}}